{"id":11220,"date":"2022-04-15T11:10:55","date_gmt":"2022-04-15T09:10:55","guid":{"rendered":"https:\/\/www.edenbretignolles.com\/erleben-sie-die-natur"},"modified":"2022-04-20T15:33:55","modified_gmt":"2022-04-20T13:33:55","slug":"erleben-sie-die-natur","status":"publish","type":"page","link":"https:\/\/www.edenbretignolles.com\/de\/erleben-sie-die-natur\/","title":{"rendered":"Erleben Sie die Natur"},"content":{"rendered":"\n<h2 class=\"wp-block-heading\" id=\"sejourner-en-camping-c-est-deja-se-rappprocher-de-la-nature\">Ein Aufenthalt auf einem Campingplatz bedeutet bereits, sich der Natur anzun\u00e4hern.<\/h2>\n\n<p>Auf dem Campingplatz L&#8217;EDEN ist das <strong>&#8222;autofreie&#8220;<\/strong> Leben durch die N\u00e4he zu den Gesch\u00e4ften und dem Strand durchaus m\u00f6glich.<\/p>\n\n<p>Gehen Sie auf Entdeckungsreise und lernen Sie die <strong>Flora und Fauna<\/strong> der D\u00fcnen von Br\u00e9tignolles sur Mer kennen.  <\/p>\n\n<p>Besuchen Sie die <strong>Weinberge der Fiefs Vend\u00e9ens<\/strong> im Pays de Brem.  <\/p>\n\n<p> <strong>Gehen Sie zu Fu\u00df angeln<\/strong>: An den Str\u00e4nden von Sauzaie und Marais Girard finden Sie bei Ebbe Krabben, Striemen, rosa Garnelen etc.<\/p>\n\n<p>Breiten Sie Ihr Handtuch am Strand aus und lauschen Sie dem Rollen der Wellen. Und nicht zu vergessen, die Sonnenunterg\u00e4nge mit Blick auf das Meer zu genie\u00dfen.<\/p>\n\n\t\t\t<div id=\"sevgallery-1698980052\" class=\"sev-diaporama sev-diaporama-portfolio\">\r\n\t\t\t<div class=\"row\">\r\n\r\n\t\t\t\r\n\t\t\t\t\r\n\t\t\t\t<div class=\"sev-diaporama-portfolio-item col-12 col-sm  col-grow\">\r\n\t\t\t\t\t<a href=\"https:\/\/www.edenbretignolles.com\/wp-content\/uploads\/2022\/01\/plages.jpg\" data-lightbox=\"sevgallery-1698980052\" style=\"background-image: url(https:\/\/www.edenbretignolles.com\/wp-content\/uploads\/2022\/01\/plages.jpg)\">\r\n\t\t\t\t\t\t<img decoding=\"async\" src=\"https:\/\/www.edenbretignolles.com\/wp-content\/uploads\/2022\/01\/plages.jpg\" alt=\"\" loading=\"lazy\">\r\n\t\t\t\t\t<\/a>\r\n\t\t\t\t<\/div>\r\n\r\n\t\t\t\t\r\n\t\t\t\t\t\t\t\t\t\t\t\r\n\t\t\t\t\r\n\t\t\t\t<div class=\"sev-diaporama-portfolio-item col-12 col-sm  col-grow\">\r\n\t\t\t\t\t<a href=\"https:\/\/www.edenbretignolles.com\/wp-content\/uploads\/2022\/01\/Onglet-Camping-Pistes-Cyclables-3.jpg\" data-lightbox=\"sevgallery-1698980052\" style=\"background-image: url(https:\/\/www.edenbretignolles.com\/wp-content\/uploads\/2022\/01\/Onglet-Camping-Pistes-Cyclables-3.jpg)\">\r\n\t\t\t\t\t\t<img decoding=\"async\" src=\"https:\/\/www.edenbretignolles.com\/wp-content\/uploads\/2022\/01\/Onglet-Camping-Pistes-Cyclables-3.jpg\" alt=\"\" loading=\"lazy\">\r\n\t\t\t\t\t<\/a>\r\n\t\t\t\t<\/div>\r\n\r\n\t\t\t\t\r\n\t\t\t\t\t\t\t\t\t\t\t\r\n\t\t\t\t\r\n\t\t\t\t<div class=\"sev-diaporama-portfolio-item col-12 col-sm \">\r\n\t\t\t\t\t<a href=\"https:\/\/www.edenbretignolles.com\/wp-content\/uploads\/2022\/01\/PARC-DES-MORINIERES-2-CREDIT-PHOTO-ALEXANDRE-LAMOUREUX.jpg\" data-lightbox=\"sevgallery-1698980052\" style=\"background-image: url(https:\/\/www.edenbretignolles.com\/wp-content\/uploads\/2022\/01\/PARC-DES-MORINIERES-2-CREDIT-PHOTO-ALEXANDRE-LAMOUREUX.jpg)\">\r\n\t\t\t\t\t\t<img decoding=\"async\" src=\"https:\/\/www.edenbretignolles.com\/wp-content\/uploads\/2022\/01\/PARC-DES-MORINIERES-2-CREDIT-PHOTO-ALEXANDRE-LAMOUREUX.jpg\" alt=\"\" loading=\"lazy\">\r\n\t\t\t\t\t<\/a>\r\n\t\t\t\t<\/div>\r\n\r\n\t\t\t\t\r\n\t\t\t\t\t\t\t\t\t\t\t\r\n\t\t\t\t\r\n\t\t\t\t<div class=\"sev-diaporama-portfolio-item col-12 col-sm \">\r\n\t\t\t\t\t<a href=\"https:\/\/www.edenbretignolles.com\/wp-content\/uploads\/2023\/10\/00010550-1.jpg\" data-lightbox=\"sevgallery-1698980052\" style=\"background-image: url(https:\/\/www.edenbretignolles.com\/wp-content\/uploads\/2023\/10\/00010550-1.jpg)\">\r\n\t\t\t\t\t\t<img decoding=\"async\" src=\"https:\/\/www.edenbretignolles.com\/wp-content\/uploads\/2023\/10\/00010550-1.jpg\" alt=\"\" loading=\"lazy\">\r\n\t\t\t\t\t<\/a>\r\n\t\t\t\t<\/div>\r\n\r\n\t\t\t\t\t\t\t\t\t<div class=\"w-100\"><\/div>\r\n\t\t\t\t\t\t\t\t\t\r\n\t\t\t\t\t\t\t\t\t\t\t\r\n\t\t\t\t\r\n\t\t\t\t<div class=\"sev-diaporama-portfolio-item col-12 col-sm  col-shrink\">\r\n\t\t\t\t\t<a href=\"https:\/\/www.edenbretignolles.com\/wp-content\/uploads\/2023\/10\/00008968-1.jpg\" data-lightbox=\"sevgallery-1698980052\" style=\"background-image: url(https:\/\/www.edenbretignolles.com\/wp-content\/uploads\/2023\/10\/00008968-1.jpg)\">\r\n\t\t\t\t\t\t<img decoding=\"async\" src=\"https:\/\/www.edenbretignolles.com\/wp-content\/uploads\/2023\/10\/00008968-1.jpg\" alt=\"\" loading=\"lazy\">\r\n\t\t\t\t\t<\/a>\r\n\t\t\t\t<\/div>\r\n\r\n\t\t\t\t\r\n\t\t\t\t\t\t\t\t\t\t\t\r\n\t\t\t\t\r\n\t\t\t\t<div class=\"sev-diaporama-portfolio-item col-12 col-sm \">\r\n\t\t\t\t\t<a href=\"https:\/\/www.edenbretignolles.com\/wp-content\/uploads\/2023\/10\/00010552.jpg\" data-lightbox=\"sevgallery-1698980052\" style=\"background-image: url(https:\/\/www.edenbretignolles.com\/wp-content\/uploads\/2023\/10\/00010552.jpg)\">\r\n\t\t\t\t\t\t<img decoding=\"async\" src=\"https:\/\/www.edenbretignolles.com\/wp-content\/uploads\/2023\/10\/00010552.jpg\" alt=\"\" loading=\"lazy\">\r\n\t\t\t\t\t<\/a>\r\n\t\t\t\t<\/div>\r\n\r\n\t\t\t\t\r\n\t\t\t\t\t\t\t\t\t\t\t\r\n\t\t\t\t\r\n\t\t\t\t<div class=\"sev-diaporama-portfolio-item col-12 col-sm  col-shrink\">\r\n\t\t\t\t\t<a href=\"https:\/\/www.edenbretignolles.com\/wp-content\/uploads\/2023\/10\/00010515.jpg\" data-lightbox=\"sevgallery-1698980052\" style=\"background-image: url(https:\/\/www.edenbretignolles.com\/wp-content\/uploads\/2023\/10\/00010515.jpg)\">\r\n\t\t\t\t\t\t<img decoding=\"async\" src=\"https:\/\/www.edenbretignolles.com\/wp-content\/uploads\/2023\/10\/00010515.jpg\" alt=\"\" loading=\"lazy\">\r\n\t\t\t\t\t<\/a>\r\n\t\t\t\t<\/div>\r\n\r\n\t\t\t\t\r\n\t\t\t\t\t\t\t\t\t\t\t\t\t\t<\/div>\r\n\t\t\t<\/div>\r\n\r\n\t\t\t<script>\r\n\t\t\tjQuery(function($) {\r\n\r\n\t\t\t\tvar marginPortfolio = function() {\r\n\r\n\t\t\t\t\tvar $diapo          = $('#sevgallery-1698980052');\r\n\t\t\t\t\tvar container_width = $diapo.parent().outerWidth();\r\n\t\t\t\t\tvar side            = ( $(window).innerWidth() - container_width ) \/ 2;\r\n\r\n\t\t\t\t\t$diapo.css( {\r\n\t\t\t\t\t\t'margin-left': '-' + side + 'px',\r\n\t\t\t\t\t\t'margin-right': '-' + side + 'px',\r\n\t\t\t\t\t} );\r\n\t\t\t\t};\r\n\r\n\t\t\t\t$( window ).resize( function() {\r\n\t\t\t\t\tmarginPortfolio();\r\n\t\t\t\t} );\r\n\t\t\t\tmarginPortfolio();\r\n\t\t\t});\r\n\t\t\t<\/script>\r\n\t\t\t\n","protected":false},"excerpt":{"rendered":"<p>Ein Aufenthalt auf einem Campingplatz bedeutet bereits, sich der Natur anzun\u00e4hern. Auf dem Campingplatz L&#8217;EDEN ist das &#8222;autofreie&#8220; Leben durch die N\u00e4he zu den Gesch\u00e4ften und dem Strand durchaus m\u00f6glich. Gehen Sie auf Entdeckungsreise und lernen Sie die Flora und Fauna der D\u00fcnen von Br\u00e9tignolles sur Mer kennen. Besuchen Sie die Weinberge der Fiefs Vend\u00e9ens [&hellip;]<\/p>\n","protected":false},"author":1,"featured_media":0,"parent":0,"menu_order":0,"comment_status":"closed","ping_status":"closed","template":"","meta":{"_seopress_robots_primary_cat":"","_seopress_titles_title":"","_seopress_titles_desc":"","_seopress_robots_index":"","footnotes":""},"class_list":["post-11220","page","type-page","status-publish","hentry"],"_links":{"self":[{"href":"https:\/\/www.edenbretignolles.com\/de\/wp-json\/wp\/v2\/pages\/11220","targetHints":{"allow":["GET"]}}],"collection":[{"href":"https:\/\/www.edenbretignolles.com\/de\/wp-json\/wp\/v2\/pages"}],"about":[{"href":"https:\/\/www.edenbretignolles.com\/de\/wp-json\/wp\/v2\/types\/page"}],"author":[{"embeddable":true,"href":"https:\/\/www.edenbretignolles.com\/de\/wp-json\/wp\/v2\/users\/1"}],"replies":[{"embeddable":true,"href":"https:\/\/www.edenbretignolles.com\/de\/wp-json\/wp\/v2\/comments?post=11220"}],"version-history":[{"count":1,"href":"https:\/\/www.edenbretignolles.com\/de\/wp-json\/wp\/v2\/pages\/11220\/revisions"}],"predecessor-version":[{"id":11224,"href":"https:\/\/www.edenbretignolles.com\/de\/wp-json\/wp\/v2\/pages\/11220\/revisions\/11224"}],"wp:attachment":[{"href":"https:\/\/www.edenbretignolles.com\/de\/wp-json\/wp\/v2\/media?parent=11220"}],"curies":[{"name":"wp","href":"https:\/\/api.w.org\/{rel}","templated":true}]}}