{"id":11257,"date":"2022-04-15T11:11:00","date_gmt":"2022-04-15T09:11:00","guid":{"rendered":"https:\/\/www.edenbretignolles.com\/noirmoutier"},"modified":"2022-04-20T15:33:59","modified_gmt":"2022-04-20T13:33:59","slug":"noirmoutier","status":"publish","type":"page","link":"https:\/\/www.edenbretignolles.com\/de\/noirmoutier\/","title":{"rendered":"Noirmoutier"},"content":{"rendered":"\n<p>Noirmoutier ist eigentlich eine Halbinsel, da sie durch eine Stra\u00dfe, die <strong>Passage du Gois<\/strong>, und eine Br\u00fccke mit dem Festland verbunden ist. Die Passage du Gois ist eine \u00fcberflutbare Stra\u00dfe und kann daher nur bei Ebbe befahren werden. Es ist ein einzigartiger Ort. Le Gois wurde 1766 zum ersten Mal \u00fcberquert und steht seit 2017 unter dem Schutz des nationalen Interesses und des Kulturerbes.<\/p>\n\n<p>Gehen Sie auf Entdeckungstour durch den <strong>Polder de S\u00e9bastopol<\/strong>, ein Naturschutzgebiet, in dem Sie eine <strong>au\u00dfergew\u00f6hnliche Flora und Fauna<\/strong> sehen k\u00f6nnen. Halten Sie in den <strong>Salzg\u00e4rten<\/strong> an, um das gute Salz aus Noirmoutier zu tanken. Schlendern Sie durch den <strong>Bois de la Chaise<\/strong> und bewundern Sie die sch\u00f6nen Herrenh\u00e4user und Villen aus dem 19. Besuchen Sie die verschiedenen D\u00f6rfer und Str\u00e4nde der Insel&#8230;<\/p>\n\n<p>Noirmoutier ist auch sehr beliebt bei Liebhabern der <strong>\n  <a href=\"https:\/\/www.edenbretignolles.com\/de\/erleben-sie-die-natur\" data-type=\"page\" data-id=\"10029\">Angeln zu Fu\u00df<\/a>\n<\/strong> dessen Muscheln eine wahre Delikatesse sind.<\/p>\n\t\t\t<div id=\"sevgallery-626531501\" class=\"sev-diaporama sev-diaporama-portfolio\">\r\n\t\t\t<div class=\"row\">\r\n\r\n\t\t\t\r\n\t\t\t\t\r\n\t\t\t\t<div class=\"sev-diaporama-portfolio-item col-12 col-sm  col-grow\">\r\n\t\t\t\t\t<a href=\"https:\/\/www.edenbretignolles.com\/wp-content\/uploads\/2022\/02\/Aerienne-Noirmoutier17.jpg\" data-lightbox=\"sevgallery-626531501\" style=\"background-image: url(https:\/\/www.edenbretignolles.com\/wp-content\/uploads\/2022\/02\/Aerienne-Noirmoutier17.jpg)\">\r\n\t\t\t\t\t\t<img decoding=\"async\" src=\"https:\/\/www.edenbretignolles.com\/wp-content\/uploads\/2022\/02\/Aerienne-Noirmoutier17.jpg\" alt=\"\" loading=\"lazy\">\r\n\t\t\t\t\t<\/a>\r\n\t\t\t\t<\/div>\r\n\r\n\t\t\t\t\r\n\t\t\t\t\t\t\t\t\t\t\t\r\n\t\t\t\t\r\n\t\t\t\t<div class=\"sev-diaporama-portfolio-item col-12 col-sm  col-shrink\">\r\n\t\t\t\t\t<a href=\"https:\/\/www.edenbretignolles.com\/wp-content\/uploads\/2022\/02\/lbm-pont-noirmoutier.jpg\" data-lightbox=\"sevgallery-626531501\" style=\"background-image: url(https:\/\/www.edenbretignolles.com\/wp-content\/uploads\/2022\/02\/lbm-pont-noirmoutier.jpg)\">\r\n\t\t\t\t\t\t<img decoding=\"async\" src=\"https:\/\/www.edenbretignolles.com\/wp-content\/uploads\/2022\/02\/lbm-pont-noirmoutier.jpg\" alt=\"\" loading=\"lazy\">\r\n\t\t\t\t\t<\/a>\r\n\t\t\t\t<\/div>\r\n\r\n\t\t\t\t\r\n\t\t\t\t\t\t\t\t\t\t\t\r\n\t\t\t\t\r\n\t\t\t\t<div class=\"sev-diaporama-portfolio-item col-12 col-sm  col-grow\">\r\n\t\t\t\t\t<a href=\"https:\/\/www.edenbretignolles.com\/wp-content\/uploads\/2022\/02\/noirmoutier-bois-de-la-chaise-cabine-plage.jpg\" data-lightbox=\"sevgallery-626531501\" style=\"background-image: url(https:\/\/www.edenbretignolles.com\/wp-content\/uploads\/2022\/02\/noirmoutier-bois-de-la-chaise-cabine-plage.jpg)\">\r\n\t\t\t\t\t\t<img decoding=\"async\" src=\"https:\/\/www.edenbretignolles.com\/wp-content\/uploads\/2022\/02\/noirmoutier-bois-de-la-chaise-cabine-plage.jpg\" alt=\"\" loading=\"lazy\">\r\n\t\t\t\t\t<\/a>\r\n\t\t\t\t<\/div>\r\n\r\n\t\t\t\t\t\t\t\t\t<div class=\"w-100\"><\/div>\r\n\t\t\t\t\t\t\t\t\t\r\n\t\t\t\t\t\t\t\t\t\t\t\r\n\t\t\t\t\r\n\t\t\t\t<div class=\"sev-diaporama-portfolio-item col-12 col-sm \">\r\n\t\t\t\t\t<a href=\"https:\/\/www.edenbretignolles.com\/wp-content\/uploads\/2022\/02\/PassageduGois-Noirmoutier12.jpg\" data-lightbox=\"sevgallery-626531501\" style=\"background-image: url(https:\/\/www.edenbretignolles.com\/wp-content\/uploads\/2022\/02\/PassageduGois-Noirmoutier12.jpg)\">\r\n\t\t\t\t\t\t<img decoding=\"async\" src=\"https:\/\/www.edenbretignolles.com\/wp-content\/uploads\/2022\/02\/PassageduGois-Noirmoutier12.jpg\" alt=\"\" loading=\"lazy\">\r\n\t\t\t\t\t<\/a>\r\n\t\t\t\t<\/div>\r\n\r\n\t\t\t\t\r\n\t\t\t\t\t\t\t\t\t\t\t\r\n\t\t\t\t\r\n\t\t\t\t<div class=\"sev-diaporama-portfolio-item col-12 col-sm  col-shrink\">\r\n\t\t\t\t\t<a href=\"https:\/\/www.edenbretignolles.com\/wp-content\/uploads\/2022\/02\/ile-noirmoutier-maisons-typiques.jpg\" data-lightbox=\"sevgallery-626531501\" style=\"background-image: url(https:\/\/www.edenbretignolles.com\/wp-content\/uploads\/2022\/02\/ile-noirmoutier-maisons-typiques.jpg)\">\r\n\t\t\t\t\t\t<img decoding=\"async\" src=\"https:\/\/www.edenbretignolles.com\/wp-content\/uploads\/2022\/02\/ile-noirmoutier-maisons-typiques.jpg\" alt=\"\" loading=\"lazy\">\r\n\t\t\t\t\t<\/a>\r\n\t\t\t\t<\/div>\r\n\r\n\t\t\t\t\r\n\t\t\t\t\t\t\t\t\t\t\t\t\t\t<\/div>\r\n\t\t\t<\/div>\r\n\r\n\t\t\t<script>\r\n\t\t\tjQuery(function($) {\r\n\r\n\t\t\t\tvar marginPortfolio = function() {\r\n\r\n\t\t\t\t\tvar $diapo          = $('#sevgallery-626531501');\r\n\t\t\t\t\tvar container_width = $diapo.parent().outerWidth();\r\n\t\t\t\t\tvar side            = ( $(window).innerWidth() - container_width ) \/ 2;\r\n\r\n\t\t\t\t\t$diapo.css( {\r\n\t\t\t\t\t\t'margin-left': '-' + side + 'px',\r\n\t\t\t\t\t\t'margin-right': '-' + side + 'px',\r\n\t\t\t\t\t} );\r\n\t\t\t\t};\r\n\r\n\t\t\t\t$( window ).resize( function() {\r\n\t\t\t\t\tmarginPortfolio();\r\n\t\t\t\t} );\r\n\t\t\t\tmarginPortfolio();\r\n\t\t\t});\r\n\t\t\t<\/script>\r\n\t\t\t\n","protected":false},"excerpt":{"rendered":"<p>Noirmoutier ist eigentlich eine Halbinsel, da sie durch eine Stra\u00dfe, die Passage du Gois, und eine Br\u00fccke mit dem Festland verbunden ist. Die Passage du Gois ist eine \u00fcberflutbare Stra\u00dfe und kann daher nur bei Ebbe befahren werden. Es ist ein einzigartiger Ort. Le Gois wurde 1766 zum ersten Mal \u00fcberquert und steht seit 2017 [&hellip;]<\/p>\n","protected":false},"author":1,"featured_media":0,"parent":0,"menu_order":4,"comment_status":"open","ping_status":"closed","template":"","meta":{"_seopress_robots_primary_cat":"","_seopress_titles_title":"Camping noirmoutier","_seopress_titles_desc":"Vom Campingplatz l'Eden aus k\u00f6nnen Sie die N\u00e4he der Insel noirmoutier nutzen, um die passage du gois port de l'herbaudi\u00e8re oder den bois de la chaise zu besuchen.","_seopress_robots_index":"","footnotes":""},"class_list":["post-11257","page","type-page","status-publish","hentry"],"_links":{"self":[{"href":"https:\/\/www.edenbretignolles.com\/de\/wp-json\/wp\/v2\/pages\/11257","targetHints":{"allow":["GET"]}}],"collection":[{"href":"https:\/\/www.edenbretignolles.com\/de\/wp-json\/wp\/v2\/pages"}],"about":[{"href":"https:\/\/www.edenbretignolles.com\/de\/wp-json\/wp\/v2\/types\/page"}],"author":[{"embeddable":true,"href":"https:\/\/www.edenbretignolles.com\/de\/wp-json\/wp\/v2\/users\/1"}],"replies":[{"embeddable":true,"href":"https:\/\/www.edenbretignolles.com\/de\/wp-json\/wp\/v2\/comments?post=11257"}],"version-history":[{"count":1,"href":"https:\/\/www.edenbretignolles.com\/de\/wp-json\/wp\/v2\/pages\/11257\/revisions"}],"predecessor-version":[{"id":11263,"href":"https:\/\/www.edenbretignolles.com\/de\/wp-json\/wp\/v2\/pages\/11257\/revisions\/11263"}],"wp:attachment":[{"href":"https:\/\/www.edenbretignolles.com\/de\/wp-json\/wp\/v2\/media?parent=11257"}],"curies":[{"name":"wp","href":"https:\/\/api.w.org\/{rel}","templated":true}]}}