{"id":11268,"date":"2022-04-15T11:11:02","date_gmt":"2022-04-15T09:11:02","guid":{"rendered":"https:\/\/www.edenbretignolles.com\/die-ile-dyeu"},"modified":"2022-04-20T15:33:59","modified_gmt":"2022-04-20T13:33:59","slug":"die-ile-dyeu","status":"publish","type":"page","link":"https:\/\/www.edenbretignolles.com\/de\/die-ile-dyeu\/","title":{"rendered":"Die Ile d&#8217;Yeu"},"content":{"rendered":"\n<p>Entdecken Sie einen Tag lang die Ile d&#8217;Yeu und ihre <strong>vielf\u00e4ltigen Landschaften<\/strong>. Die Anlegestelle in Saint Gilles Croix de Vie liegt 12 km vom Campingplatz L&#8217;EDEN entfernt. F\u00fcr die \u00dcberfahrt m\u00fcssen Sie etwa 60 Minuten einplanen. Sie reisen morgens ab und kehren am Ende des Tages zur\u00fcck.<\/p>\n\n<p>In Port Joinville k\u00f6nnen Sie Fahrr\u00e4der, Motorroller usw. mieten, um die Insel und ihre unumg\u00e4nglichen Sehensw\u00fcrdigkeiten zu erkunden. Sie k\u00f6nnen einen Zwischenstopp einlegen und den <strong>Gro\u00dfen Leuchtturm<\/strong>, <strong>das Alte Schloss<\/strong>, die <strong>Zitadelle<\/strong>, <strong>Port La Meule<\/strong> besichtigen und die Gastronomie der Insel genie\u00dfen. G\u00f6nnen Sie sich eine s\u00fc\u00dfe Pause mit dem unumg\u00e4nglichen Pflaumenkuchen.  <\/p>\n\n<p>Sie k\u00f6nnen die <strong>Buchten und Sandstr\u00e4nde<\/strong> mit Blick auf das t\u00fcrkisfarbene Meer genie\u00dfen.  <\/p>\n\n<p>Dort sehen Sie die <strong>kleinen D\u00f6rfer mit ihren wei\u00df get\u00fcnchten H\u00e4usern und bunten Fensterl\u00e4den<\/strong>.<\/p>\n\n<h2 class=\"wp-block-heading\">Eines ist sicher: Die Sch\u00f6nheit der Ile d&#8217;Yeu wird Sie nicht unber\u00fchrt lassen!  <\/h2>\n\t\t\t<div id=\"sevgallery-1270712115\" class=\"sev-diaporama sev-diaporama-portfolio\">\r\n\t\t\t<div class=\"row\">\r\n\r\n\t\t\t\r\n\t\t\t\t\r\n\t\t\t\t<div class=\"sev-diaporama-portfolio-item col-12 col-sm \">\r\n\t\t\t\t\t<a href=\"https:\/\/www.edenbretignolles.com\/wp-content\/uploads\/2022\/02\/Aerienne-IledYeu11.jpg\" data-lightbox=\"sevgallery-1270712115\" style=\"background-image: url(https:\/\/www.edenbretignolles.com\/wp-content\/uploads\/2022\/02\/Aerienne-IledYeu11.jpg)\">\r\n\t\t\t\t\t\t<img decoding=\"async\" src=\"https:\/\/www.edenbretignolles.com\/wp-content\/uploads\/2022\/02\/Aerienne-IledYeu11.jpg\" alt=\"\" loading=\"lazy\">\r\n\t\t\t\t\t<\/a>\r\n\t\t\t\t<\/div>\r\n\r\n\t\t\t\t\r\n\t\t\t\t\t\t\t\t\t\t\t\r\n\t\t\t\t\r\n\t\t\t\t<div class=\"sev-diaporama-portfolio-item col-12 col-sm  col-grow\">\r\n\t\t\t\t\t<a href=\"https:\/\/www.edenbretignolles.com\/wp-content\/uploads\/2022\/02\/yeu-ballade.jpg\" data-lightbox=\"sevgallery-1270712115\" style=\"background-image: url(https:\/\/www.edenbretignolles.com\/wp-content\/uploads\/2022\/02\/yeu-ballade.jpg)\">\r\n\t\t\t\t\t\t<img decoding=\"async\" src=\"https:\/\/www.edenbretignolles.com\/wp-content\/uploads\/2022\/02\/yeu-ballade.jpg\" alt=\"\" loading=\"lazy\">\r\n\t\t\t\t\t<\/a>\r\n\t\t\t\t<\/div>\r\n\r\n\t\t\t\t\r\n\t\t\t\t\t\t\t\t\t\t\t\r\n\t\t\t\t\r\n\t\t\t\t<div class=\"sev-diaporama-portfolio-item col-12 col-sm \">\r\n\t\t\t\t\t<a href=\"https:\/\/www.edenbretignolles.com\/wp-content\/uploads\/2022\/02\/yeu-chateau-velo.jpg\" data-lightbox=\"sevgallery-1270712115\" style=\"background-image: url(https:\/\/www.edenbretignolles.com\/wp-content\/uploads\/2022\/02\/yeu-chateau-velo.jpg)\">\r\n\t\t\t\t\t\t<img decoding=\"async\" src=\"https:\/\/www.edenbretignolles.com\/wp-content\/uploads\/2022\/02\/yeu-chateau-velo.jpg\" alt=\"\" loading=\"lazy\">\r\n\t\t\t\t\t<\/a>\r\n\t\t\t\t<\/div>\r\n\r\n\t\t\t\t\t\t\t\t\t<div class=\"w-100\"><\/div>\r\n\t\t\t\t\t\t\t\t\t\r\n\t\t\t\t\t\t\t\t\t\t\t\r\n\t\t\t\t\r\n\t\t\t\t<div class=\"sev-diaporama-portfolio-item col-12 col-sm  col-shrink\">\r\n\t\t\t\t\t<a href=\"https:\/\/www.edenbretignolles.com\/wp-content\/uploads\/2022\/02\/yeu-chateau.jpg\" data-lightbox=\"sevgallery-1270712115\" style=\"background-image: url(https:\/\/www.edenbretignolles.com\/wp-content\/uploads\/2022\/02\/yeu-chateau.jpg)\">\r\n\t\t\t\t\t\t<img decoding=\"async\" src=\"https:\/\/www.edenbretignolles.com\/wp-content\/uploads\/2022\/02\/yeu-chateau.jpg\" alt=\"\" loading=\"lazy\">\r\n\t\t\t\t\t<\/a>\r\n\t\t\t\t<\/div>\r\n\r\n\t\t\t\t\r\n\t\t\t\t\t\t\t\t\t\t\t\r\n\t\t\t\t\r\n\t\t\t\t<div class=\"sev-diaporama-portfolio-item col-12 col-sm  col-shrink\">\r\n\t\t\t\t\t<a href=\"https:\/\/www.edenbretignolles.com\/wp-content\/uploads\/2022\/02\/yeu-crique.jpg\" data-lightbox=\"sevgallery-1270712115\" style=\"background-image: url(https:\/\/www.edenbretignolles.com\/wp-content\/uploads\/2022\/02\/yeu-crique.jpg)\">\r\n\t\t\t\t\t\t<img decoding=\"async\" src=\"https:\/\/www.edenbretignolles.com\/wp-content\/uploads\/2022\/02\/yeu-crique.jpg\" alt=\"\" loading=\"lazy\">\r\n\t\t\t\t\t<\/a>\r\n\t\t\t\t<\/div>\r\n\r\n\t\t\t\t\r\n\t\t\t\t\t\t\t\t\t\t\t\r\n\t\t\t\t\r\n\t\t\t\t<div class=\"sev-diaporama-portfolio-item col-12 col-sm  col-shrink\">\r\n\t\t\t\t\t<a href=\"https:\/\/www.edenbretignolles.com\/wp-content\/uploads\/2022\/02\/yeu-port-de-la-meule.jpg\" data-lightbox=\"sevgallery-1270712115\" style=\"background-image: url(https:\/\/www.edenbretignolles.com\/wp-content\/uploads\/2022\/02\/yeu-port-de-la-meule.jpg)\">\r\n\t\t\t\t\t\t<img decoding=\"async\" src=\"https:\/\/www.edenbretignolles.com\/wp-content\/uploads\/2022\/02\/yeu-port-de-la-meule.jpg\" alt=\"\" loading=\"lazy\">\r\n\t\t\t\t\t<\/a>\r\n\t\t\t\t<\/div>\r\n\r\n\t\t\t\t\t\t\t\t\t<div class=\"w-100\"><\/div>\r\n\t\t\t\t\t\t\t\t\t\r\n\t\t\t\t\t\t\t\t\t\t\t\t\t\t<\/div>\r\n\t\t\t<\/div>\r\n\r\n\t\t\t<script>\r\n\t\t\tjQuery(function($) {\r\n\r\n\t\t\t\tvar marginPortfolio = function() {\r\n\r\n\t\t\t\t\tvar $diapo          = $('#sevgallery-1270712115');\r\n\t\t\t\t\tvar container_width = $diapo.parent().outerWidth();\r\n\t\t\t\t\tvar side            = ( $(window).innerWidth() - container_width ) \/ 2;\r\n\r\n\t\t\t\t\t$diapo.css( {\r\n\t\t\t\t\t\t'margin-left': '-' + side + 'px',\r\n\t\t\t\t\t\t'margin-right': '-' + side + 'px',\r\n\t\t\t\t\t} );\r\n\t\t\t\t};\r\n\r\n\t\t\t\t$( window ).resize( function() {\r\n\t\t\t\t\tmarginPortfolio();\r\n\t\t\t\t} );\r\n\t\t\t\tmarginPortfolio();\r\n\t\t\t});\r\n\t\t\t<\/script>\r\n\t\t\t\n","protected":false},"excerpt":{"rendered":"<p>Entdecken Sie einen Tag lang die Ile d&#8217;Yeu und ihre vielf\u00e4ltigen Landschaften. Die Anlegestelle in Saint Gilles Croix de Vie liegt 12 km vom Campingplatz L&#8217;EDEN entfernt. F\u00fcr die \u00dcberfahrt m\u00fcssen Sie etwa 60 Minuten einplanen. Sie reisen morgens ab und kehren am Ende des Tages zur\u00fcck. In Port Joinville k\u00f6nnen Sie Fahrr\u00e4der, Motorroller usw. [&hellip;]<\/p>\n","protected":false},"author":1,"featured_media":0,"parent":0,"menu_order":3,"comment_status":"open","ping_status":"closed","template":"","meta":{"_seopress_robots_primary_cat":"","_seopress_titles_title":"Camping ile d'yeu","_seopress_titles_desc":"Um die ile d'yeu zu besuchen, machen Sie einen Aufenthalt auf dem camping de l'Eden in Bretignolles. Die \u00dcberfahrt mit dem Schiff ist vom Hafen von saint gilles nach ile d'yeu m\u00f6glich.","_seopress_robots_index":"","footnotes":""},"class_list":["post-11268","page","type-page","status-publish","hentry"],"_links":{"self":[{"href":"https:\/\/www.edenbretignolles.com\/de\/wp-json\/wp\/v2\/pages\/11268","targetHints":{"allow":["GET"]}}],"collection":[{"href":"https:\/\/www.edenbretignolles.com\/de\/wp-json\/wp\/v2\/pages"}],"about":[{"href":"https:\/\/www.edenbretignolles.com\/de\/wp-json\/wp\/v2\/types\/page"}],"author":[{"embeddable":true,"href":"https:\/\/www.edenbretignolles.com\/de\/wp-json\/wp\/v2\/users\/1"}],"replies":[{"embeddable":true,"href":"https:\/\/www.edenbretignolles.com\/de\/wp-json\/wp\/v2\/comments?post=11268"}],"version-history":[{"count":1,"href":"https:\/\/www.edenbretignolles.com\/de\/wp-json\/wp\/v2\/pages\/11268\/revisions"}],"predecessor-version":[{"id":11270,"href":"https:\/\/www.edenbretignolles.com\/de\/wp-json\/wp\/v2\/pages\/11268\/revisions\/11270"}],"wp:attachment":[{"href":"https:\/\/www.edenbretignolles.com\/de\/wp-json\/wp\/v2\/media?parent=11268"}],"curies":[{"name":"wp","href":"https:\/\/api.w.org\/{rel}","templated":true}]}}