{"id":11304,"date":"2022-04-15T11:57:57","date_gmt":"2022-04-15T09:57:57","guid":{"rendered":"https:\/\/www.edenbretignolles.com\/die-inseln-der-vendee-in-der-naehe-des-campingplatzes"},"modified":"2022-04-20T15:34:32","modified_gmt":"2022-04-20T13:34:32","slug":"die-inseln-der-vendee-in-der-naehe-des-campingplatzes","status":"publish","type":"page","link":"https:\/\/www.edenbretignolles.com\/de\/die-inseln-der-vendee-in-der-naehe-des-campingplatzes\/","title":{"rendered":"Die Inseln der Vend\u00e9e in der N\u00e4he des Campingplatzes"},"content":{"rendered":"\n<div class=\"wp-block-columns is-layout-flex wp-container-core-columns-is-layout-9d6595d7 wp-block-columns-is-layout-flex\">\n<div class=\"wp-block-column is-layout-flow wp-block-column-is-layout-flow\">\n<div class=\"wp-block-create-block-sev-encartbg\"><aside class=\"encart-bg-sev small\"><a href=\"https:\/\/www.edenbretignolles.com\/de\/noirmoutier\" class=\"d-flex flex-column align-items-center\"><div class=\"encart-title\"><span>Die Insel Noirmoutier<\/span><\/div><img decoding=\"async\" src=\"https:\/\/www.edenbretignolles.com\/wp-content\/uploads\/2022\/02\/Aerienne-Noirmoutier17.jpg\" alt=\"pont de noirmoutier\"><button class=\"btn\"><\/button><\/a><\/aside><\/div>\n<\/div>\n\n\n\n<div class=\"wp-block-column is-layout-flow wp-block-column-is-layout-flow\">\n<div class=\"wp-block-create-block-sev-encartbg\"><aside class=\"encart-bg-sev small\"><a href=\"https:\/\/www.edenbretignolles.com\/de\/die-ile-dyeu\" class=\"d-flex flex-column align-items-center\"><div class=\"encart-title\"><span>Die Insel Yeu<\/span><\/div><img decoding=\"async\" src=\"https:\/\/www.edenbretignolles.com\/wp-content\/uploads\/2022\/02\/Aerienne-IledYeu11.jpg\" alt=\"visite de l'\u00eele d'yeu\"><button class=\"btn\"><\/button><\/a><\/aside><\/div>\n<\/div>\n<\/div>\n","protected":false},"excerpt":{"rendered":"","protected":false},"author":1,"featured_media":0,"parent":0,"menu_order":0,"comment_status":"open","ping_status":"closed","template":"","meta":{"_seopress_robots_primary_cat":"","_seopress_titles_title":"Campingplatz mit touristischen Aktivit\u00e4ten in der Vend\u00e9e","_seopress_titles_desc":"Verbringen Sie Ihren Urlaub auf dem Camping de l'Eden in Br\u00e9tignolles sur mer und entdecken Sie die touristischen Aktivit\u00e4ten der Vend\u00e9e.","_seopress_robots_index":"","footnotes":""},"class_list":["post-11304","page","type-page","status-publish","hentry"],"_links":{"self":[{"href":"https:\/\/www.edenbretignolles.com\/de\/wp-json\/wp\/v2\/pages\/11304","targetHints":{"allow":["GET"]}}],"collection":[{"href":"https:\/\/www.edenbretignolles.com\/de\/wp-json\/wp\/v2\/pages"}],"about":[{"href":"https:\/\/www.edenbretignolles.com\/de\/wp-json\/wp\/v2\/types\/page"}],"author":[{"embeddable":true,"href":"https:\/\/www.edenbretignolles.com\/de\/wp-json\/wp\/v2\/users\/1"}],"replies":[{"embeddable":true,"href":"https:\/\/www.edenbretignolles.com\/de\/wp-json\/wp\/v2\/comments?post=11304"}],"version-history":[{"count":1,"href":"https:\/\/www.edenbretignolles.com\/de\/wp-json\/wp\/v2\/pages\/11304\/revisions"}],"predecessor-version":[{"id":11307,"href":"https:\/\/www.edenbretignolles.com\/de\/wp-json\/wp\/v2\/pages\/11304\/revisions\/11307"}],"wp:attachment":[{"href":"https:\/\/www.edenbretignolles.com\/de\/wp-json\/wp\/v2\/media?parent=11304"}],"curies":[{"name":"wp","href":"https:\/\/api.w.org\/{rel}","templated":true}]}}