{"id":11393,"date":"2022-04-15T11:58:16","date_gmt":"2022-04-15T09:58:16","guid":{"rendered":"https:\/\/www.edenbretignolles.com\/das-hallenbad"},"modified":"2022-04-20T15:36:40","modified_gmt":"2022-04-20T13:36:40","slug":"das-hallenbad","status":"publish","type":"page","link":"https:\/\/www.edenbretignolles.com\/de\/das-hallenbad\/","title":{"rendered":"Das Hallenbad"},"content":{"rendered":"\n<p>Einer der besten Orte zum Entspannen und Erholen auf dem Campingplatz L&#8217;EDEN ist das <strong>beheizte Hallenbad<\/strong>. Dank der abnehmbaren Abdeckung kann es je nach Wetterlage aufgedeckt oder abgedeckt werden. Sie k\u00f6nnen sie also unabh\u00e4ngig davon, wann Sie auf den Campingplatz kommen und wie das Wetter ist, genie\u00dfen.<br\/>Die Wassertemperatur ist <strong>angenehm auf mindestens 28 \u00b0C erw\u00e4rmt<\/strong>.<\/p>\n\n<h2 class=\"has-text-align-left wp-block-heading\" id=\"la-piscine-couverte-chauffee-du-camping-comprend\">Das beheizte Hallenbad des Campingplatzes umfasst :<\/h2>\n\n<ul class=\"wp-block-list\"><li>Ein Becken mit einem Jacuzzi-Bereich<\/li><li>Ein Planschbecken mit einer Rutsche f\u00fcr die Kinder<\/li><li>Eine Terrasse mit Liegest\u00fchlen und Sonnenschirmen zum Faulenzen in der Sonne<\/li><li>Ein PMR-Zugang<\/li><\/ul>\n<p>Das beheizte Hallenbad ist vom 9. April bis zum 6. November 2022 t\u00e4glich von 10:00 bis 19:30 Uhr (ohne Unterbrechung) <strong>ge\u00f6ffnet<\/strong>.<br\/>Der<strong> Pool ist unbeaufsichtigt<\/strong> und Kinder unterliegen der Verantwortung einer vollj\u00e4hrigen Begleitperson.<\/p>\n\t\t\t<div id=\"sevgallery-1322236209\" class=\"sev-diaporama sev-diaporama-portfolio\">\r\n\t\t\t<div class=\"row\">\r\n\r\n\t\t\t\r\n\t\t\t\t\r\n\t\t\t\t<div class=\"sev-diaporama-portfolio-item col-12 col-sm  col-shrink\">\r\n\t\t\t\t\t<a href=\"https:\/\/www.edenbretignolles.com\/wp-content\/uploads\/2022\/01\/Eden2014_018.jpg\" data-lightbox=\"sevgallery-1322236209\" style=\"background-image: url(https:\/\/www.edenbretignolles.com\/wp-content\/uploads\/2022\/01\/Eden2014_018.jpg)\">\r\n\t\t\t\t\t\t<img decoding=\"async\" src=\"https:\/\/www.edenbretignolles.com\/wp-content\/uploads\/2022\/01\/Eden2014_018.jpg\" alt=\"\" loading=\"lazy\">\r\n\t\t\t\t\t<\/a>\r\n\t\t\t\t<\/div>\r\n\r\n\t\t\t\t\r\n\t\t\t\t\t\t\t\t\t\t\t\r\n\t\t\t\t\r\n\t\t\t\t<div class=\"sev-diaporama-portfolio-item col-12 col-sm  col-shrink\">\r\n\t\t\t\t\t<a href=\"https:\/\/www.edenbretignolles.com\/wp-content\/uploads\/2022\/01\/PiscineEden00.jpg\" data-lightbox=\"sevgallery-1322236209\" style=\"background-image: url(https:\/\/www.edenbretignolles.com\/wp-content\/uploads\/2022\/01\/PiscineEden00.jpg)\">\r\n\t\t\t\t\t\t<img decoding=\"async\" src=\"https:\/\/www.edenbretignolles.com\/wp-content\/uploads\/2022\/01\/PiscineEden00.jpg\" alt=\"\" loading=\"lazy\">\r\n\t\t\t\t\t<\/a>\r\n\t\t\t\t<\/div>\r\n\r\n\t\t\t\t\r\n\t\t\t\t\t\t\t\t\t\t\t\r\n\t\t\t\t\r\n\t\t\t\t<div class=\"sev-diaporama-portfolio-item col-12 col-sm  col-grow\">\r\n\t\t\t\t\t<a href=\"https:\/\/www.edenbretignolles.com\/wp-content\/uploads\/2022\/01\/PiscineEden03.jpg\" data-lightbox=\"sevgallery-1322236209\" style=\"background-image: url(https:\/\/www.edenbretignolles.com\/wp-content\/uploads\/2022\/01\/PiscineEden03.jpg)\">\r\n\t\t\t\t\t\t<img decoding=\"async\" src=\"https:\/\/www.edenbretignolles.com\/wp-content\/uploads\/2022\/01\/PiscineEden03.jpg\" alt=\"\" loading=\"lazy\">\r\n\t\t\t\t\t<\/a>\r\n\t\t\t\t<\/div>\r\n\r\n\t\t\t\t\r\n\t\t\t\t\t\t\t\t\t\t\t\r\n\t\t\t\t\r\n\t\t\t\t<div class=\"sev-diaporama-portfolio-item col-12 col-sm  col-shrink\">\r\n\t\t\t\t\t<a href=\"https:\/\/www.edenbretignolles.com\/wp-content\/uploads\/2022\/01\/PiscineEden06.jpg\" data-lightbox=\"sevgallery-1322236209\" style=\"background-image: url(https:\/\/www.edenbretignolles.com\/wp-content\/uploads\/2022\/01\/PiscineEden06.jpg)\">\r\n\t\t\t\t\t\t<img decoding=\"async\" src=\"https:\/\/www.edenbretignolles.com\/wp-content\/uploads\/2022\/01\/PiscineEden06.jpg\" alt=\"\" loading=\"lazy\">\r\n\t\t\t\t\t<\/a>\r\n\t\t\t\t<\/div>\r\n\r\n\t\t\t\t\t\t\t\t\t<div class=\"w-100\"><\/div>\r\n\t\t\t\t\t\t\t\t\t\r\n\t\t\t\t\t\t\t\t\t\t\t\r\n\t\t\t\t\r\n\t\t\t\t<div class=\"sev-diaporama-portfolio-item col-12 col-sm \">\r\n\t\t\t\t\t<a href=\"https:\/\/www.edenbretignolles.com\/wp-content\/uploads\/2022\/01\/PiscineEden07.jpg\" data-lightbox=\"sevgallery-1322236209\" style=\"background-image: url(https:\/\/www.edenbretignolles.com\/wp-content\/uploads\/2022\/01\/PiscineEden07.jpg)\">\r\n\t\t\t\t\t\t<img decoding=\"async\" src=\"https:\/\/www.edenbretignolles.com\/wp-content\/uploads\/2022\/01\/PiscineEden07.jpg\" alt=\"\" loading=\"lazy\">\r\n\t\t\t\t\t<\/a>\r\n\t\t\t\t<\/div>\r\n\r\n\t\t\t\t\r\n\t\t\t\t\t\t\t\t\t\t\t\r\n\t\t\t\t\r\n\t\t\t\t<div class=\"sev-diaporama-portfolio-item col-12 col-sm \">\r\n\t\t\t\t\t<a href=\"https:\/\/www.edenbretignolles.com\/wp-content\/uploads\/2022\/01\/PiscineEden08.jpg\" data-lightbox=\"sevgallery-1322236209\" style=\"background-image: url(https:\/\/www.edenbretignolles.com\/wp-content\/uploads\/2022\/01\/PiscineEden08.jpg)\">\r\n\t\t\t\t\t\t<img decoding=\"async\" src=\"https:\/\/www.edenbretignolles.com\/wp-content\/uploads\/2022\/01\/PiscineEden08.jpg\" alt=\"\" loading=\"lazy\">\r\n\t\t\t\t\t<\/a>\r\n\t\t\t\t<\/div>\r\n\r\n\t\t\t\t\r\n\t\t\t\t\t\t\t\t\t\t\t\r\n\t\t\t\t\r\n\t\t\t\t<div class=\"sev-diaporama-portfolio-item col-12 col-sm  col-grow\">\r\n\t\t\t\t\t<a href=\"https:\/\/www.edenbretignolles.com\/wp-content\/uploads\/2022\/01\/Eden2014_015.jpg\" data-lightbox=\"sevgallery-1322236209\" style=\"background-image: url(https:\/\/www.edenbretignolles.com\/wp-content\/uploads\/2022\/01\/Eden2014_015.jpg)\">\r\n\t\t\t\t\t\t<img decoding=\"async\" src=\"https:\/\/www.edenbretignolles.com\/wp-content\/uploads\/2022\/01\/Eden2014_015.jpg\" alt=\"\" loading=\"lazy\">\r\n\t\t\t\t\t<\/a>\r\n\t\t\t\t<\/div>\r\n\r\n\t\t\t\t\r\n\t\t\t\t\t\t\t\t\t\t\t\t\t\t<\/div>\r\n\t\t\t<\/div>\r\n\r\n\t\t\t<script>\r\n\t\t\tjQuery(function($) {\r\n\r\n\t\t\t\tvar marginPortfolio = function() {\r\n\r\n\t\t\t\t\tvar $diapo          = $('#sevgallery-1322236209');\r\n\t\t\t\t\tvar container_width = $diapo.parent().outerWidth();\r\n\t\t\t\t\tvar side            = ( $(window).innerWidth() - container_width ) \/ 2;\r\n\r\n\t\t\t\t\t$diapo.css( {\r\n\t\t\t\t\t\t'margin-left': '-' + side + 'px',\r\n\t\t\t\t\t\t'margin-right': '-' + side + 'px',\r\n\t\t\t\t\t} );\r\n\t\t\t\t};\r\n\r\n\t\t\t\t$( window ).resize( function() {\r\n\t\t\t\t\tmarginPortfolio();\r\n\t\t\t\t} );\r\n\t\t\t\tmarginPortfolio();\r\n\t\t\t});\r\n\t\t\t<\/script>\r\n\t\t\t\n","protected":false},"excerpt":{"rendered":"<p>Einer der besten Orte zum Entspannen und Erholen auf dem Campingplatz L&#8217;EDEN ist das beheizte Hallenbad. Dank der abnehmbaren Abdeckung kann es je nach Wetterlage aufgedeckt oder abgedeckt werden. Sie k\u00f6nnen sie also unabh\u00e4ngig davon, wann Sie auf den Campingplatz kommen und wie das Wetter ist, genie\u00dfen.Die Wassertemperatur ist angenehm auf mindestens 28 \u00b0C erw\u00e4rmt. [&hellip;]<\/p>\n","protected":false},"author":1,"featured_media":0,"parent":0,"menu_order":0,"comment_status":"open","ping_status":"closed","template":"","meta":{"_seopress_robots_primary_cat":"","_seopress_titles_title":"Campingplatz Hallenbad Br\u00e9tignolles sur Mer Vend\u00e9e","_seopress_titles_desc":"Mieten Sie einen Campingplatz mit Hallenbad in der Vend\u00e9e in Br\u00e9tignolles sur Mer und \u00fcberdachtem Planschbecken f\u00fcr Kinder mit Jacuzzi-Bereich.","_seopress_robots_index":"","footnotes":""},"class_list":["post-11393","page","type-page","status-publish","hentry"],"_links":{"self":[{"href":"https:\/\/www.edenbretignolles.com\/de\/wp-json\/wp\/v2\/pages\/11393","targetHints":{"allow":["GET"]}}],"collection":[{"href":"https:\/\/www.edenbretignolles.com\/de\/wp-json\/wp\/v2\/pages"}],"about":[{"href":"https:\/\/www.edenbretignolles.com\/de\/wp-json\/wp\/v2\/types\/page"}],"author":[{"embeddable":true,"href":"https:\/\/www.edenbretignolles.com\/de\/wp-json\/wp\/v2\/users\/1"}],"replies":[{"embeddable":true,"href":"https:\/\/www.edenbretignolles.com\/de\/wp-json\/wp\/v2\/comments?post=11393"}],"version-history":[{"count":1,"href":"https:\/\/www.edenbretignolles.com\/de\/wp-json\/wp\/v2\/pages\/11393\/revisions"}],"predecessor-version":[{"id":11394,"href":"https:\/\/www.edenbretignolles.com\/de\/wp-json\/wp\/v2\/pages\/11393\/revisions\/11394"}],"wp:attachment":[{"href":"https:\/\/www.edenbretignolles.com\/de\/wp-json\/wp\/v2\/media?parent=11393"}],"curies":[{"name":"wp","href":"https:\/\/api.w.org\/{rel}","templated":true}]}}