{"id":11346,"date":"2022-04-15T11:58:07","date_gmt":"2022-04-15T09:58:07","guid":{"rendered":"https:\/\/www.edenbretignolles.com\/contact-access"},"modified":"2022-06-15T10:50:51","modified_gmt":"2022-06-15T08:50:51","slug":"contact-access","status":"publish","type":"page","link":"https:\/\/www.edenbretignolles.com\/en\/contact-access\/","title":{"rendered":"Contact \/ Access"},"content":{"rendered":"\n<div class=\"wp-block-columns is-layout-flex wp-container-core-columns-is-layout-9d6595d7 wp-block-columns-is-layout-flex\">\n<div class=\"wp-block-column border border-success card pt-4 is-layout-flow wp-block-column-is-layout-flow\" style=\"flex-basis:33.33%\">\n<h2 class=\"has-text-align-center wp-block-heading\"><img loading=\"lazy\" decoding=\"async\" width=\"50\" height=\"58\" class=\"wp-image-9844\" style=\"width: 50px;\" src=\"https:\/\/www.edenbretignolles.com\/wp-content\/uploads\/2022\/01\/cropped-icon-e1642587606535.png\" alt=\"\" srcset=\"https:\/\/www.edenbretignolles.com\/wp-content\/uploads\/2022\/01\/cropped-icon-e1642587606535.png 444w, https:\/\/www.edenbretignolles.com\/wp-content\/uploads\/2022\/01\/cropped-icon-e1642587606535-260x300.png 260w\" sizes=\"auto, (max-width: 50px) 100vw, 50px\" \/><strong>Camping de l&#8217;Eden<\/strong><\/h2>\n\n\n\n<p class=\"has-text-align-center\"><i class=\"fa fa-map-marker-alt\"><\/i>  21 avenue de la plage &#8211; BP45<br\/>85470 Br\u00e9tignolles-sur-mer<\/p>\n\n\n\n<p class=\"has-text-align-center\"><i class=\"fa fa-phone-alt\"><\/i>  Tel : 02 51 90 16 43<\/p>\n\n\n\n<p class=\"has-text-align-center\"><i class=\"fa fa-envelope-open-text\"><\/i>  E-mail : <a href=\"mailto:contact@edenbretignolles.com\" target=\"_blank\" rel=\"noreferrer noopener\">contact@edenbretignolles.com<\/a><\/p>\n<\/div>\n\n\n\n<div class=\"wp-block-column is-layout-flow wp-block-column-is-layout-flow\" style=\"flex-basis:66.66%\">\n<iframe src=\"https:\/\/www.google.com\/maps\/embed?pb=!1m14!1m8!1m3!1d95601.60498120959!2d-1.8546978077737057!3d46.634751446159235!3m2!1i1024!2i768!4f13.1!3m3!1m2!1s0x0%3A0x700df156a6a1bbb9!2sCamping%20L'eden!5e0!3m2!1sfr!2sfr!4v1642512253936!5m2!1sfr!2sfr\" style=\"border:0;\" allowfullscreen=\"\" loading=\"lazy\" width=\"100%\" height=\"280\"><\/iframe>\n<\/div>\n<\/div>\n\n<p class=\"has-text-align-center\">You can contact us via the form below:<\/p>\n                <form action=\"\" class=\"form-contact sevform needs-validation\" data-form-type=\"contact\" role=\"form\" method=\"post\" novalidate>\n            <div class=\"form-row\">\n                        <div class=\"form-group col-md-6 \">\r\n\r\n            <label class=\"col-form-label\" for=\"nom_nom\">\r\n                Nom *            <\/label>\r\n\r\n            <input type=\"text\" id=\"nom_nom\" name=\"nom\" class=\"form-control\" value=\"\"  required>\r\n\r\n            <div class=\"invalid-feedback\">Merci de renseigner votre nom<\/div>\r\n        <\/div>\r\n                <div class=\"form-group col-md-6 \">\r\n\r\n            <label class=\"col-form-label\" for=\"prenom_prenom\">\r\n                Pr\u00e9nom            <\/label>\r\n\r\n            <input type=\"text\" id=\"prenom_prenom\" name=\"prenom\" class=\"form-control\" value=\"\" >\r\n\r\n            <div class=\"invalid-feedback\">Merci de renseigner votre pr\u00e9nom<\/div>\r\n        <\/div>\r\n                    <\/div>\n            <div class=\"form-row\">\n                        <div class=\"form-group col-md-6 \">\r\n\r\n            <label class=\"col-form-label\" for=\"email_email\">\r\n                E-mail *            <\/label>\r\n\r\n            <input type=\"email\" id=\"email_email\" name=\"email\" class=\"form-control\" value=\"\"  required>\r\n\r\n            <div class=\"invalid-feedback\">Merci de renseigner une adresse e-mail valide<\/div>\r\n        <\/div>\r\n                <div class=\"form-group col-md-6 \">\r\n\r\n            <label class=\"col-form-label\" for=\"tel_tel\">\r\n                T\u00e9l\u00e9phone            <\/label>\r\n\r\n            <input type=\"tel\" id=\"tel_tel\" name=\"tel\" class=\"form-control\" value=\"\" >\r\n\r\n            <div class=\"invalid-feedback\">Merci de renseigner un num\u00e9ro de t\u00e9l\u00e9phone valide<\/div>\r\n        <\/div>\r\n                    <\/div>\n\n                    <div class=\"form-group \">\r\n\r\n            <label class=\"col-form-label\" for=\"adresse_adresse\">\r\n                Adresse            <\/label>\r\n\r\n            <input type=\"text\" id=\"adresse_adresse\" name=\"adresse\" class=\"form-control\" value=\"\" >\r\n\r\n            <div class=\"invalid-feedback\">Merci de renseigner votre adresse<\/div>\r\n        <\/div>\r\n        \n            <div class=\"form-row\">\n                        <div class=\"form-group col-md-6 \">\r\n\r\n            <label class=\"col-form-label\" for=\"cp_cp\">\r\n                Code postal            <\/label>\r\n\r\n            <input type=\"text\" id=\"cp_cp\" name=\"cp\" class=\"form-control\" value=\"\" >\r\n\r\n            <div class=\"invalid-feedback\">Merci de renseigner votre code postal<\/div>\r\n        <\/div>\r\n                <div class=\"form-group col-md-6 \">\r\n\r\n            <label class=\"col-form-label\" for=\"ville_ville\">\r\n                Ville            <\/label>\r\n\r\n            <input type=\"text\" id=\"ville_ville\" name=\"ville\" class=\"form-control\" value=\"\" >\r\n\r\n            <div class=\"invalid-feedback\">Merci de renseigner votre commune<\/div>\r\n        <\/div>\r\n                    <\/div>\n\n                    <div class=\"form-group \">\r\n\r\n            <label class=\"col-form-label\" for=\"msg_msg\">\r\n                Message *            <\/label>\r\n\r\n            <textarea name=\"msg\" id=\"msg_msg\" class=\"form-control\" rows=\"3\"  required><\/textarea>\r\n\r\n            <div class=\"invalid-feedback\">Merci de sp\u00e9cifier votre demande<\/div>\r\n        <\/div>\r\n        \n                    <div class=\"form-group \">\r\n\r\n                            <div class=\"form-check\">\r\n\r\n                                        <input class=\"form-check-input\" type=\"checkbox\" value=\"1\" name=\"rgpd\" id=\"rgpd_rgpd\"  required >\r\n\r\n                    <label class=\"form-check-label\" for=\"rgpd_rgpd\">\r\n                        J&#039;accepte que les informations saisies soient exploit\u00e9es dans le cadre de la demande d&#039;information et de la relation commerciale qui peut en d\u00e9couler  *                    <\/label>\r\n\r\n                    <div class=\"invalid-feedback\">Votre consentement est requis<\/div>\r\n                <\/div>\r\n                    <\/div>\r\n        \n                    <div class=\"form-group \">\r\n\r\n            <div class=\"h-captcha\" data-sitekey=\"96642ef7-7b99-41e9-b7d1-020e3f477de7\"><\/div>\r\n            <div class=\"invalid-feedback\">La v\u00e9rification du captcha a \u00e9chou\u00e9e. Veuillez essayer de nouveau<\/div>\r\n        <\/div>\r\n        \n            <div class=\"form-group contact-texte-container\">\n                <input type=\"text\" class=\"contact-texte\" name=\"texte\" value=\"\">\n            <\/div>\n\n            <div class=\"form-group text-center\">\n                <input type=\"hidden\" name=\"nonce\" value=\"83b84c7a3a\">\n                                <button type=\"submit\" name=\"submit\" class=\"btn btn-primary\">Envoyer<\/button>\n                <small class=\"ml-3\">*Champ obligatoire<\/small>\n            <\/div>\n\n            <p><small>\n                    Conform\u00e9ment aux dispositions du Code de la Consommation (Article L. 223-2 du code de la consommation) afin d&#039;\u00e9viter tout d\u00e9marchage t\u00e9l\u00e9phonique vous pouvez vous inscrire sur la liste d&#039;opposition au d\u00e9marchage t\u00e9l\u00e9phonique \u00ab Bloctel \u00bb, sur laquelle vous pouvez vous inscrire ici : <a href=\"https:\/\/conso.bloctel.fr\" target=\"_blank\">https:\/\/conso.bloctel.fr<\/a>\n                <\/small><\/p>\n\n                    <script>\r\n            \/*jshint esversion: 6 *\/\r\n            ( function() {\r\n                'use strict';\r\n                window.addEventListener( 'load', function() {\r\n\r\n                    var SEVForms       = document.getElementsByClassName( 'sevform' );\r\n                    var submitSevForms = Array.prototype.filter.call( SEVForms, function( form ) {\r\n\r\n                        form.addEventListener( 'submit', function( event ) {\r\n\r\n                            \/\/ Fields validation.\r\n                            if ( form.classList.contains( 'needs-validation' ) ) {\r\n\r\n                                form.classList.add('was-validated');\r\n\r\n                                if ( form.checkValidity() === false ) {\r\n\r\n                                    event.preventDefault();\r\n                                    event.stopPropagation();\r\n\r\n                                    return false;\r\n                                }\r\n                            }\r\n\r\n                            \/\/ AJAX send.\r\n                            if ( form.classList.contains( 'send-with-ajax' ) ) {\r\n\r\n                                event.preventDefault();\r\n                                event.stopPropagation();\r\n\r\n                                var httpRequest, data, formData, formType;\r\n\r\n                                httpRequest = new XMLHttpRequest();\r\n                                formData    = new FormData( form );\r\n                                formType    = form.getAttribute( 'data-form-type' );\r\n                                data        = 'action=sevform_submit';\r\n                                data       += '&type=' + formType;\r\n\r\n                                for( var pair of formData.entries() ) {\r\n                                    data += '&' + pair[0] + '=' + pair[1];\r\n                                }\r\n\r\n                                httpRequest.onreadystatechange = function() {\r\n\r\n                                    if ( httpRequest.readyState === XMLHttpRequest.DONE ) {\r\n\r\n                                        if ( httpRequest.status === 200 ) {\r\n\r\n                                            var response = JSON.parse( httpRequest.responseText );\r\n\r\n                                            if ( 'true' == xhr.responseText ) {\r\n                                                return true;\r\n                                            }\r\n                                        } else {\r\n                                            console.log( 'There was a problem with the request.' );\r\n                                        }\r\n                                    }\r\n                                };\r\n                                httpRequest.open( 'POST', AjaxVar.ajaxurl );\r\n                                httpRequest.setRequestHeader( 'Content-Type', 'application\/x-www-form-urlencoded; charset=UTF-8' );\r\n                                httpRequest.send( data );\r\n                            }\r\n                        }, false );\r\n                    } );\r\n                }, false );\r\n            } )();\r\n        <\/script>\r\n                <\/form>\n        \n","protected":false},"excerpt":{"rendered":"<p>Camping de l&#8217;Eden 21 avenue de la plage &#8211; BP4585470 Br\u00e9tignolles-sur-mer Tel : 02 51 90 16 43 E-mail : contact@edenbretignolles.com You can contact us via the form below:<\/p>\n","protected":false},"author":1,"featured_media":0,"parent":0,"menu_order":0,"comment_status":"open","ping_status":"closed","template":"","meta":{"_seopress_robots_primary_cat":"","_seopress_titles_title":"Reservation camping bretignolles sur mer vendee","_seopress_titles_desc":"Make a reservation for your mobile home or chalet at the Eden campsite in Bretignolles sur mer in the Vend\u00e9e.","_seopress_robots_index":"","footnotes":""},"class_list":["post-11346","page","type-page","status-publish","hentry"],"_links":{"self":[{"href":"https:\/\/www.edenbretignolles.com\/en\/wp-json\/wp\/v2\/pages\/11346","targetHints":{"allow":["GET"]}}],"collection":[{"href":"https:\/\/www.edenbretignolles.com\/en\/wp-json\/wp\/v2\/pages"}],"about":[{"href":"https:\/\/www.edenbretignolles.com\/en\/wp-json\/wp\/v2\/types\/page"}],"author":[{"embeddable":true,"href":"https:\/\/www.edenbretignolles.com\/en\/wp-json\/wp\/v2\/users\/1"}],"replies":[{"embeddable":true,"href":"https:\/\/www.edenbretignolles.com\/en\/wp-json\/wp\/v2\/comments?post=11346"}],"version-history":[{"count":3,"href":"https:\/\/www.edenbretignolles.com\/en\/wp-json\/wp\/v2\/pages\/11346\/revisions"}],"predecessor-version":[{"id":12060,"href":"https:\/\/www.edenbretignolles.com\/en\/wp-json\/wp\/v2\/pages\/11346\/revisions\/12060"}],"wp:attachment":[{"href":"https:\/\/www.edenbretignolles.com\/en\/wp-json\/wp\/v2\/media?parent=11346"}],"curies":[{"name":"wp","href":"https:\/\/api.w.org\/{rel}","templated":true}]}}