{"id":11397,"date":"2022-04-15T11:58:17","date_gmt":"2022-04-15T09:58:17","guid":{"rendered":"https:\/\/www.edenbretignolles.com\/home"},"modified":"2022-04-20T15:36:02","modified_gmt":"2022-04-20T13:36:02","slug":"home","status":"publish","type":"page","link":"https:\/\/www.edenbretignolles.com\/en\/","title":{"rendered":"Home"},"content":{"rendered":"\n<div class=\"wp-block-columns is-layout-flex wp-container-core-columns-is-layout-9d6595d7 wp-block-columns-is-layout-flex\">\n<div class=\"wp-block-column is-layout-flow wp-block-column-is-layout-flow\">\n<div class=\"wp-block-create-block-sev-encartsimplebg\"><aside class=\"encart-simplebg-sev small\"><a href=\"https:\/\/www.edenbretignolles.com\/en\/good-reasons-to-come-to-the-eden-campsite\" class=\"d-flex flex-column align-items-center\"><div class=\"encart-title\"><span>Good reasons to come to the campsite<\/span><\/div><img decoding=\"async\" src=\"https:\/\/www.edenbretignolles.com\/wp-content\/uploads\/2020\/12\/A-lOree-des-Fees-Camping-lEden-22.jpg\" alt=\"Camping avec emplacements spacieux \u00e0 Br\u00e9tignolles sur Mer\"><button class=\"btn\"><\/button><\/a><\/aside><\/div>\n<\/div>\n\n\n\n<div class=\"wp-block-column is-layout-flow wp-block-column-is-layout-flow\">\n<div class=\"wp-block-create-block-sev-encartsimplebg\"><aside class=\"encart-simplebg-sev small\"><a href=\"https:\/\/www.edenbretignolles.com\/en\/the-indoor-pool\" class=\"d-flex flex-column align-items-center\"><div class=\"encart-title\"><span>The covered and heated swimming pool<\/span><\/div><img decoding=\"async\" src=\"https:\/\/www.edenbretignolles.com\/wp-content\/uploads\/2022\/02\/activites-piscine.jpg\" alt=\"piscine du camping\"><button class=\"btn\"><\/button><\/a><\/aside><\/div>\n<\/div>\n<\/div>\n\n<div class=\"wp-block-columns is-layout-flex wp-container-core-columns-is-layout-9d6595d7 wp-block-columns-is-layout-flex\">\n<div class=\"wp-block-column is-layout-flow wp-block-column-is-layout-flow\">\n<div class=\"wp-block-create-block-sev-encartsimplebg\"><aside class=\"encart-simplebg-sev small\"><a href=\"https:\/\/www.edenbretignolles.com\/en\/services-and-activities-within-the-campsite\" class=\"d-flex flex-column align-items-center\"><div class=\"encart-title\"><span>The services<\/span><\/div><img decoding=\"async\" src=\"https:\/\/www.edenbretignolles.com\/wp-content\/uploads\/2015\/03\/accueilducamping.jpg\" alt=\"L'accueil du camping l'Eden\"><button class=\"btn\"><\/button><\/a><\/aside><\/div>\n<\/div>\n\n\n\n<div class=\"wp-block-column is-layout-flow wp-block-column-is-layout-flow\">\n<div class=\"wp-block-create-block-sevgutenberg\"><aside class=\"encart-sev small\"><a href=\"https:\/\/www.edenbretignolles.com\/en\/customer-reviews\" class=\"d-flex flex-column align-items-center\"><div class=\"encart-title\"><span>Customer reviews<\/span><\/div><img decoding=\"async\" src=\"https:\/\/www.edenbretignolles.com\/wp-content\/uploads\/2022\/01\/avis-clients.png\" alt=\"avis clients\"><button class=\"btn\"><\/button><\/a><\/aside><\/div>\n<\/div>\n\n\n\n<div class=\"wp-block-column is-layout-flow wp-block-column-is-layout-flow\">\n<div class=\"wp-block-create-block-sev-encartsimplebg\"><aside class=\"encart-simplebg-sev small\"><a href=\"https:\/\/www.edenbretignolles.com\/en\/photo-gallery\" class=\"d-flex flex-column align-items-center\"><div class=\"encart-title\"><span>Photo gallery<\/span><\/div><img decoding=\"async\" src=\"https:\/\/www.edenbretignolles.com\/wp-content\/uploads\/2018\/02\/A-lOree-des-Fees-Camping-lEden-111.jpg\" alt=\"\"><button class=\"btn\"><\/button><\/a><\/aside><\/div>\n<\/div>\n<\/div>\n\n<h1 class=\"wp-block-heading\" id=\"camping-3-etoiles-bretignolles-sur-mer-en-vendee\">3 star campsite Br\u00e9tignolles sur Mer in Vend\u00e9e<\/h1>\n\n<p class=\"has-text-align-center\">L&#8217;EDEN campsite welcomes you from April 9th to November 6th.<\/p>\n\n<div class=\"wp-block-columns is-layout-flex wp-container-core-columns-is-layout-9d6595d7 wp-block-columns-is-layout-flex\">\n<div class=\"wp-block-column is-layout-flow wp-block-column-is-layout-flow\">\n<p>L&#8217;EDEN campsite, a 3 star campsite, is located in <a href=\"https:\/\/www.edenbretignolles.com\/en\/the-beaches-of-bretignolles-sur-mer\" data-type=\"page\" data-id=\"188\">Bretignolles sur Mer<\/a> in the Vend\u00e9e.<\/p>\n\n\n\n<p>The campsite has 74 pitches on 2.5 hectares.<\/p>\n\n\n\n<p>Quiet and family campsite, we only offer <a href=\"https:\/\/www.edenbretignolles.com\/en\/rentals\" data-type=\"page\" data-id=\"9791\">mobile home rentals<\/a> for up to 6 people. These rentals are installed on large pitches of 80 to 250 m\u00b2 all delimited by hedges to preserve your privacy.<\/p>\n\n\n\n<p>Choose your <strong>fully equipped rental<\/strong> from 28 to 36 m\u00b2 for a vacation combining outdoor life and comfort.<\/p>\n\n\n\n<p>At <strong>350 m from the city center and the shops<\/strong> of Bretignolles sur Mer and at 900 m from the beach, you can easily forget your car and do everything on foot or by bike.<\/p>\n\n\n\n<p>The bicycle paths are directly accessible from the campsite.<\/p>\n<\/div>\n\n\n\n<div class=\"wp-block-column is-layout-flow wp-block-column-is-layout-flow\">\n<p>Ideally located on the Vend\u00e9e coastline, Camping L&#8217;EDEN is 10 kms from <a href=\"https:\/\/www.edenbretignolles.com\/en\/saint-gilles-croix-de-vie\" data-type=\"page\" data-id=\"544\">Saint Gilles Croix de Vie<\/a> and 20 kms from Les <a href=\"https:\/\/www.edenbretignolles.com\/en\/les-sables-dolonne\" data-type=\"page\" data-id=\"546\">Sables d&#8217;Olonne<\/a>.<\/p>\n\n\n\n<p>After a good day of beach, walks and visits, enjoy the <a href=\"https:\/\/www.edenbretignolles.com\/en\/the-indoor-pool\" data-type=\"page\" data-id=\"9792\">covered and heated swimming pool<\/a> to relax with a paddling pool for children and a large pool with jacuzzi area for older children.<\/p>\n\n\n\n<p>At L&#8217;EDEN, a <strong>personalized welcome<\/strong> is given to you from your reservation to the end of your stay.<\/p>\n\n\n\n<p>So if you think that vacations are synonymous with calm, fresh air, relaxation and good mood, don&#8217;t hesitate any longer!<\/p>\n\n\n\n<p>At Camping L&#8217;EDEN, your vacations will be <strong>unforgettable<\/strong>!<\/p>\n\n\n\n<p>The campers who come to spend their vacations in Br\u00e9tignolles sur Mer at the campsite l&#8217;Eden are delighted and leave us <a href=\"https:\/\/www.edenbretignolles.com\/en\/customer-reviews\" data-type=\"page\" data-id=\"1553\">good reviews<\/a> about the campsite in Br\u00e9tignolles sur Mer.<\/p>\n<\/div>\n<\/div>\n\n<div class=\"wp-block-group alignfull has-background\" style=\"background-color:#e9e9e9\"><div class=\"wp-block-group__inner-container is-layout-flow wp-block-group-is-layout-flow\">\n<div style=\"height:40px\" aria-hidden=\"true\" class=\"wp-block-spacer\"><\/div>\n\n\n\n<p class=\"h1-like\">The rentals of the campsite in Bretignolles sur Mer<\/p>\n\n\n\n<div class=\"wp-block-columns is-layout-flex wp-container-core-columns-is-layout-9d6595d7 wp-block-columns-is-layout-flex\">\n<div class=\"wp-block-column is-layout-flow wp-block-column-is-layout-flow\">\n<div class=\"wp-block-create-block-sev-encartbg\"><aside class=\"encart-bg-sev small\"><a href=\"https:\/\/www.edenbretignolles.com\/en\/rentals#sev-chalets\" class=\"d-flex flex-column align-items-center\"><div class=\"encart-title\"><span>2 bedroom rentals<\/span><\/div><img decoding=\"async\" src=\"https:\/\/www.edenbretignolles.com\/wp-content\/uploads\/2020\/12\/A-lOree-des-Fees-Camping-lEden-22.jpg\" alt=\"Camping avec emplacements spacieux \u00e0 Br\u00e9tignolles sur Mer\"><button class=\"btn\"><\/button><\/a><\/aside><\/div>\n<\/div>\n\n\n\n<div class=\"wp-block-column is-layout-flow wp-block-column-is-layout-flow\">\n<div class=\"wp-block-create-block-sev-encartbg\"><aside class=\"encart-bg-sev small\"><a href=\"https:\/\/www.edenbretignolles.com\/en\/rentals#sev-3\" class=\"d-flex flex-column align-items-center\"><div class=\"encart-title\"><span>3 bedroom rentals<\/span><\/div><img decoding=\"async\" src=\"https:\/\/www.edenbretignolles.com\/wp-content\/uploads\/2022\/01\/mh.jpg\" alt=\"mobil home du camping en vend\u00e9e\"><button class=\"btn\"><\/button><\/a><\/aside><\/div>\n<\/div>\n\n\n\n<div class=\"wp-block-column is-layout-flow wp-block-column-is-layout-flow\">\n<div class=\"wp-block-create-block-sevgutenberg\"><aside class=\"encart-sev small\"><a href=\"https:\/\/www.edenbretignolles.com\/en\/consult-the-rates-of-our-vendee-campsite\" class=\"d-flex flex-column align-items-center\"><div class=\"encart-title\"><span>The rates<\/span><\/div><img decoding=\"async\" src=\"https:\/\/www.edenbretignolles.com\/wp-content\/uploads\/2022\/01\/eurologo.png\" alt=\"tarifs du camping\"><button class=\"btn\"><\/button><\/a><\/aside><\/div>\n<\/div>\n<\/div>\n\n\n\n<div style=\"height:50px\" aria-hidden=\"true\" class=\"wp-block-spacer\"><\/div>\n<\/div><\/div>\n\n<p class=\"h1-like\">Br\u00e9tignolles sur Mer<\/p>\n\n<div class=\"wp-block-columns is-layout-flex wp-container-core-columns-is-layout-9d6595d7 wp-block-columns-is-layout-flex\">\n<div class=\"wp-block-column is-layout-flow wp-block-column-is-layout-flow\">\n<div class=\"wp-block-create-block-sev-encartbg\"><aside class=\"encart-bg-sev small\"><a href=\"https:\/\/www.edenbretignolles.com\/en\/the-beaches-of-bretignolles-sur-mer\" class=\"d-flex flex-column align-items-center\"><div class=\"encart-title\"><span>The beaches<\/span><\/div><img decoding=\"async\" src=\"https:\/\/www.edenbretignolles.com\/wp-content\/uploads\/2022\/01\/DSC_3791.jpg\" alt=\"plage \u00e0 deux pas du camping en Vend\u00e9e\"><button class=\"btn\"><\/button><\/a><\/aside><\/div>\n<\/div>\n\n\n\n<div class=\"wp-block-column is-layout-flow wp-block-column-is-layout-flow\">\n<div class=\"wp-block-create-block-sev-encartbg\"><aside class=\"encart-bg-sev small\"><a href=\"https:\/\/www.edenbretignolles.com\/en\/water-activities-near-the-campsite\" class=\"d-flex flex-column align-items-center\"><div class=\"encart-title\"><span>Water activities<\/span><\/div><img decoding=\"async\" src=\"https:\/\/www.edenbretignolles.com\/wp-content\/uploads\/2022\/01\/surf.jpg\" alt=\"cours de surf pr\u00e8s du camping\"><button class=\"btn\"><\/button><\/a><\/aside><\/div>\n<\/div>\n<\/div>\n\n<div class=\"wp-block-columns is-layout-flex wp-container-core-columns-is-layout-9d6595d7 wp-block-columns-is-layout-flex\">\n<div class=\"wp-block-column is-layout-flow wp-block-column-is-layout-flow\">\n<div class=\"wp-block-create-block-sev-encartbg\"><aside class=\"encart-bg-sev small\"><a href=\"https:\/\/www.edenbretignolles.com\/en\/our-good-addresses-in-bretignolles-sur-mer\" class=\"d-flex flex-column align-items-center\"><div class=\"encart-title\"><span>Our good addresses<\/span><\/div><img decoding=\"async\" src=\"https:\/\/www.edenbretignolles.com\/wp-content\/uploads\/2018\/02\/A-lOree-des-Fees-Camping-lEden-61.jpg\" alt=\"les bonnes adresses proche du camping\"><button class=\"btn\"><\/button><\/a><\/aside><\/div>\n<\/div>\n\n\n\n<div class=\"wp-block-column is-layout-flow wp-block-column-is-layout-flow\">\n<div class=\"wp-block-create-block-sev-encartbg\"><aside class=\"encart-bg-sev small\"><a href=\"https:\/\/www.edenbretignolles.com\/en\/in-the-vicinity-of-the-campsite-in-vendee\" class=\"d-flex flex-column align-items-center\"><div class=\"encart-title\"><span>Activities in the area<\/span><\/div><img decoding=\"async\" src=\"https:\/\/www.edenbretignolles.com\/wp-content\/uploads\/2017\/02\/Eden014.jpg\" alt=\"\"><button class=\"btn\"><\/button><\/a><\/aside><\/div>\n<\/div>\n<\/div>\n\n<div class=\"wp-block-group alignfull has-background\" style=\"background-color:#e9e9e9\"><div class=\"wp-block-group__inner-container is-layout-flow wp-block-group-is-layout-flow\">\n<div style=\"height:40px\" aria-hidden=\"true\" class=\"wp-block-spacer\"><\/div>\n\n\n\n<p class=\"h1-like\">Laurence&#8217;s advice<\/p>\n\n\n\n<div class=\"wp-block-columns is-layout-flex wp-container-core-columns-is-layout-9d6595d7 wp-block-columns-is-layout-flex\">\n<div class=\"wp-block-column is-layout-flow wp-block-column-is-layout-flow\">\n<div class=\"wp-block-create-block-sev-encartbg\"><aside class=\"encart-bg-sev small\"><a href=\"https:\/\/www.edenbretignolles.com\/en\/choose-the-vacation-experience-that-suits-you\" class=\"d-flex flex-column align-items-center\"><div class=\"encart-title\"><span>Choose your experience<\/span><\/div><img decoding=\"async\" src=\"https:\/\/www.edenbretignolles.com\/wp-content\/uploads\/2022\/01\/PARC-DES-MORINIERES-2-CREDIT-PHOTO-ALEXANDRE-LAMOUREUX.jpg\" alt=\"d\u00e9couvrir la vend\u00e9e \u00e0 v\u00e9lo\"><button class=\"btn\"><\/button><\/a><\/aside><\/div>\n<\/div>\n\n\n\n<div class=\"wp-block-column is-layout-flow wp-block-column-is-layout-flow\">\n<div class=\"wp-block-create-block-sev-encartbg\"><aside class=\"encart-bg-sev small\"><a href=\"https:\/\/www.edenbretignolles.com\/en\/the-vendee-islands-near-the-campsite\" class=\"d-flex flex-column align-items-center\"><div class=\"encart-title\"><span>The islands<\/span><\/div><img decoding=\"async\" src=\"https:\/\/www.edenbretignolles.com\/wp-content\/uploads\/2022\/02\/yeu-port-de-la-meule.jpg\" alt=\"visite de l'\u00eele d'Yeu\"><button class=\"btn\"><\/button><\/a><\/aside><\/div>\n<\/div>\n\n\n\n<div class=\"wp-block-column is-layout-flow wp-block-column-is-layout-flow\">\n<div class=\"wp-block-create-block-sev-encartbg\"><aside class=\"encart-bg-sev small\"><a href=\"https:\/\/www.edenbretignolles.com\/en\/unmissable-cities-in-the-vendee\" class=\"d-flex flex-column align-items-center\"><div class=\"encart-title\"><span>The cities<\/span><\/div><img decoding=\"async\" src=\"https:\/\/www.edenbretignolles.com\/wp-content\/uploads\/2022\/02\/VirginieB-389-3-1024x680-1.jpg\" alt=\"visite du port de saint gilles croix de vie\"><button class=\"btn\"><\/button><\/a><\/aside><\/div>\n<\/div>\n<\/div>\n\n\n\n<div style=\"height:50px\" aria-hidden=\"true\" class=\"wp-block-spacer\"><\/div>\n<\/div><\/div>\n","protected":false},"excerpt":{"rendered":"<p>3 star campsite Br\u00e9tignolles sur Mer in Vend\u00e9e L&#8217;EDEN campsite welcomes you from April 9th to November 6th. L&#8217;EDEN campsite, a 3 star campsite, is located in Bretignolles sur Mer in the Vend\u00e9e. The campsite has 74 pitches on 2.5 hectares. Quiet and family campsite, we only offer mobile home rentals for up to 6 [&hellip;]<\/p>\n","protected":false},"author":1,"featured_media":0,"parent":0,"menu_order":0,"comment_status":"open","ping_status":"closed","template":"","meta":{"_seopress_robots_primary_cat":"","_seopress_titles_title":"Camping l Eden Bretignolles sur Mer Vend\u00e9e","_seopress_titles_desc":"Your vacations by the sea at the Eden Br\u00e9tignolles sur Mer campsite in the Vend\u00e9e with heated indoor swimming pool, jacuzzi and paddling pool and spacious pitches.","_seopress_robots_index":"","footnotes":""},"class_list":["post-11397","page","type-page","status-publish","hentry"],"_links":{"self":[{"href":"https:\/\/www.edenbretignolles.com\/en\/wp-json\/wp\/v2\/pages\/11397","targetHints":{"allow":["GET"]}}],"collection":[{"href":"https:\/\/www.edenbretignolles.com\/en\/wp-json\/wp\/v2\/pages"}],"about":[{"href":"https:\/\/www.edenbretignolles.com\/en\/wp-json\/wp\/v2\/types\/page"}],"author":[{"embeddable":true,"href":"https:\/\/www.edenbretignolles.com\/en\/wp-json\/wp\/v2\/users\/1"}],"replies":[{"embeddable":true,"href":"https:\/\/www.edenbretignolles.com\/en\/wp-json\/wp\/v2\/comments?post=11397"}],"version-history":[{"count":1,"href":"https:\/\/www.edenbretignolles.com\/en\/wp-json\/wp\/v2\/pages\/11397\/revisions"}],"predecessor-version":[{"id":11402,"href":"https:\/\/www.edenbretignolles.com\/en\/wp-json\/wp\/v2\/pages\/11397\/revisions\/11402"}],"wp:attachment":[{"href":"https:\/\/www.edenbretignolles.com\/en\/wp-json\/wp\/v2\/media?parent=11397"}],"curies":[{"name":"wp","href":"https:\/\/api.w.org\/{rel}","templated":true}]}}