{"id":11222,"date":"2022-04-15T11:10:55","date_gmt":"2022-04-15T09:10:55","guid":{"rendered":"https:\/\/www.edenbretignolles.com\/verzoek-om-toegang-tot-gegevens"},"modified":"2022-04-20T15:33:56","modified_gmt":"2022-04-20T13:33:56","slug":"verzoek-om-toegang-tot-gegevens","status":"publish","type":"page","link":"https:\/\/www.edenbretignolles.com\/nl\/verzoek-om-toegang-tot-gegevens\/","title":{"rendered":"Verzoek om toegang tot gegevens"},"content":{"rendered":"\r\n\t\t\r\n\t\t\t<form action=\"\" class=\"form-contact form-accesdonnees\" role=\"form\" method=\"post\">\r\n\t\t\t\t<p>\r\n\t\t\t\t\tAls u uw persoonlijke gegevens wilt openen, wijzigen of verwijderen, vult u dit formulier &lt;strong&gt; zo nauwkeurig mogelijk in &lt;\/ strong&gt;.\t\t\t\t\t\r\n\t\t\t\t<\/p>\r\n\t\t\t\t<div class=\"form-row\">\r\n\r\n\t\t\t\t\t<div class=\"form-group col-md-6 \">\r\n\t\t\t\t\t\t<label class=\"col-form-label\" for=\"contact-nom\">Naam *<\/label>\r\n\t\t\t\t\t\t<input type=\"text\" id=\"contact-nom\" name=\"nom\" class=\"form-control\" value=\"\" required>\r\n\t\t\t\t\t\t<span class=\"help-block\"><\/span>\r\n\t\t\t\t\t<\/div>\r\n\r\n\t\t\t\t\t<div class=\"form-group col-md-6 \">\r\n\t\t\t\t\t\t<label class=\"col-form-label\" for=\"contact-prenom\">Voornaam *<\/label>\r\n\t\t\t\t\t\t<input type=\"text\" id=\"contact-prenom\" name=\"prenom\" class=\"form-control\" value=\"\" required>\r\n\t\t\t\t\t\t<span class=\"help-block\"><\/span>\r\n\t\t\t\t\t<\/div>\r\n\r\n\t\t\t\t<\/div>\r\n\t\t\t\t<div class=\"form-row\">\r\n\r\n\t\t\t\t\t<div class=\"form-group col-md-12 \">\r\n\t\t\t\t\t\t<label class=\"col-form-label\" for=\"contact-email\">E-mail *<\/label>\r\n\t\t\t\t\t\t<input type=\"email\" name=\"email\" id=\"contact-email\" class=\"form-control\" value=\"\" required>\r\n\t\t\t\t\t\t<span class=\"help-block\"><\/span>\r\n\t\t\t\t\t<\/div>\r\n\r\n\t\t\t\t<\/div>\r\n\t\t\t\t<div class=\"form-group\">\r\n\t\t\t\t\t<label class=\"col-form-label\" for=\"contact-msg\">Geef uw verzoek op *<\/label>\r\n\t\t\t\t\t<textarea name=\"msg\" id=\"contact-msg\" class=\"form-control\" rows=\"3\" required><\/textarea>\r\n\t\t\t\t\t<span class=\"help-block\"><\/span>\r\n\t\t\t\t<\/div>\r\n\r\n\t\t\t\t<div class=\"d-flex form-group flex-wrap \" required>\r\n\t\t\t\t\t<div class=\"form-check\">\r\n\t\t\t\t\t\t\r\n\t\t\t\t\t\t<input type=\"checkbox\" class=\"form-check-input\" id=\"contact-rgpd\" name=\"rgpd\">\r\n\t\t\t\t\t\t<label class=\"col-form-label pt-0\" for=\"contact-rgpd\">\r\n\t\t\t\t\t\t\tEn soumettant ce formulaire, j&#039;accepte que les informations saisies soient exploit\u00e9es dans le cadre de la demande d&#039;acc\u00e8s, de modification ou de suppression de mes donn\u00e9es personnelles *\r\n\t\t\t\t\t\t<\/label>\r\n\t\t\t\t\t\t<span class=\"help-block\"><\/span>\r\n\t\t\t\t\t<\/div>\r\n\t\t\t\t<\/div>\r\n\r\n\t\t\t\t<div class=\"form-group contact-texte-container\">\r\n\t\t\t\t\t<input type=\"text\" class=\"contact-texte\" name=\"texte\" value=\"\">\r\n\t\t\t\t<\/div>\r\n\r\n\t\t\t\t<div class=\"form-group text-center\">\r\n\t\t\t\t\t<input type=\"hidden\" name=\"nonce\" value=\"83b84c7a3a\">\r\n\t\t\t\t\t<button type=\"submit\" name=\"submit\" class=\"btn btn-default\">Stuur<\/button>\r\n\t\t\t\t<\/div>\r\n\r\n\t\t\t\t<p><small>*Specify your request<\/small><\/p>\r\n\t\t\t<\/form>\r\n\r\n\t\t\n","protected":false},"excerpt":{"rendered":"","protected":false},"author":1,"featured_media":0,"parent":0,"menu_order":0,"comment_status":"closed","ping_status":"closed","template":"","meta":{"_seopress_robots_primary_cat":"","_seopress_titles_title":"","_seopress_titles_desc":"","_seopress_robots_index":"","footnotes":""},"class_list":["post-11222","page","type-page","status-publish","hentry"],"_links":{"self":[{"href":"https:\/\/www.edenbretignolles.com\/nl\/wp-json\/wp\/v2\/pages\/11222","targetHints":{"allow":["GET"]}}],"collection":[{"href":"https:\/\/www.edenbretignolles.com\/nl\/wp-json\/wp\/v2\/pages"}],"about":[{"href":"https:\/\/www.edenbretignolles.com\/nl\/wp-json\/wp\/v2\/types\/page"}],"author":[{"embeddable":true,"href":"https:\/\/www.edenbretignolles.com\/nl\/wp-json\/wp\/v2\/users\/1"}],"replies":[{"embeddable":true,"href":"https:\/\/www.edenbretignolles.com\/nl\/wp-json\/wp\/v2\/comments?post=11222"}],"version-history":[{"count":1,"href":"https:\/\/www.edenbretignolles.com\/nl\/wp-json\/wp\/v2\/pages\/11222\/revisions"}],"predecessor-version":[{"id":11228,"href":"https:\/\/www.edenbretignolles.com\/nl\/wp-json\/wp\/v2\/pages\/11222\/revisions\/11228"}],"wp:attachment":[{"href":"https:\/\/www.edenbretignolles.com\/nl\/wp-json\/wp\/v2\/media?parent=11222"}],"curies":[{"name":"wp","href":"https:\/\/api.w.org\/{rel}","templated":true}]}}