{"id":11400,"date":"2022-04-15T11:58:17","date_gmt":"2022-04-15T09:58:17","guid":{"rendered":"https:\/\/www.edenbretignolles.com\/home"},"modified":"2022-04-20T15:36:02","modified_gmt":"2022-04-20T13:36:02","slug":"home","status":"publish","type":"page","link":"https:\/\/www.edenbretignolles.com\/nl\/","title":{"rendered":"Home"},"content":{"rendered":"\n<div class=\"wp-block-columns is-layout-flex wp-container-core-columns-is-layout-9d6595d7 wp-block-columns-is-layout-flex\">\n<div class=\"wp-block-column is-layout-flow wp-block-column-is-layout-flow\">\n<div class=\"wp-block-create-block-sev-encartsimplebg\"><aside class=\"encart-simplebg-sev small\"><a href=\"https:\/\/www.edenbretignolles.com\/nl\/goede-redenen-om-naar-camping-de-leden-te-komen\" class=\"d-flex flex-column align-items-center\"><div class=\"encart-title\"><span>Goede redenen om naar de camping te komen<\/span><\/div><img decoding=\"async\" src=\"https:\/\/www.edenbretignolles.com\/wp-content\/uploads\/2020\/12\/A-lOree-des-Fees-Camping-lEden-22.jpg\" alt=\"Camping avec emplacements spacieux \u00e0 Br\u00e9tignolles sur Mer\"><button class=\"btn\"><\/button><\/a><\/aside><\/div>\n<\/div>\n\n\n\n<div class=\"wp-block-column is-layout-flow wp-block-column-is-layout-flow\">\n<div class=\"wp-block-create-block-sev-encartsimplebg\"><aside class=\"encart-simplebg-sev small\"><a href=\"https:\/\/www.edenbretignolles.com\/nl\/het-overdekte-zwembad\" class=\"d-flex flex-column align-items-center\"><div class=\"encart-title\"><span>Het overdekte verwarmde zwembad<\/span><\/div><img decoding=\"async\" src=\"https:\/\/www.edenbretignolles.com\/wp-content\/uploads\/2022\/02\/activites-piscine.jpg\" alt=\"piscine du camping\"><button class=\"btn\"><\/button><\/a><\/aside><\/div>\n<\/div>\n<\/div>\n\n<div class=\"wp-block-columns is-layout-flex wp-container-core-columns-is-layout-9d6595d7 wp-block-columns-is-layout-flex\">\n<div class=\"wp-block-column is-layout-flow wp-block-column-is-layout-flow\">\n<div class=\"wp-block-create-block-sev-encartsimplebg\"><aside class=\"encart-simplebg-sev small\"><a href=\"https:\/\/www.edenbretignolles.com\/nl\/diensten-en-activiteiten-op-de-camping\" class=\"d-flex flex-column align-items-center\"><div class=\"encart-title\"><span>De diensten<\/span><\/div><img decoding=\"async\" src=\"https:\/\/www.edenbretignolles.com\/wp-content\/uploads\/2015\/03\/accueilducamping.jpg\" alt=\"L'accueil du camping l'Eden\"><button class=\"btn\"><\/button><\/a><\/aside><\/div>\n<\/div>\n\n\n\n<div class=\"wp-block-column is-layout-flow wp-block-column-is-layout-flow\">\n<div class=\"wp-block-create-block-sevgutenberg\"><aside class=\"encart-sev small\"><a href=\"https:\/\/www.edenbretignolles.com\/nl\/beoordelingen-van-klanten\" class=\"d-flex flex-column align-items-center\"><div class=\"encart-title\"><span>Beoordelingen van klanten<\/span><\/div><img decoding=\"async\" src=\"https:\/\/www.edenbretignolles.com\/wp-content\/uploads\/2022\/01\/avis-clients.png\" alt=\"avis clients\"><button class=\"btn\"><\/button><\/a><\/aside><\/div>\n<\/div>\n\n\n\n<div class=\"wp-block-column is-layout-flow wp-block-column-is-layout-flow\">\n<div class=\"wp-block-create-block-sev-encartsimplebg\"><aside class=\"encart-simplebg-sev small\"><a href=\"https:\/\/www.edenbretignolles.com\/nl\/foto-galerij\" class=\"d-flex flex-column align-items-center\"><div class=\"encart-title\"><span>Foto galerij<\/span><\/div><img decoding=\"async\" src=\"https:\/\/www.edenbretignolles.com\/wp-content\/uploads\/2018\/02\/A-lOree-des-Fees-Camping-lEden-111.jpg\" alt=\"\"><button class=\"btn\"><\/button><\/a><\/aside><\/div>\n<\/div>\n<\/div>\n\n<h1 class=\"wp-block-heading\" id=\"camping-3-etoiles-bretignolles-sur-mer-en-vendee\">3 sterren camping Br\u00e9tignolles sur Mer in Vend\u00e9e<\/h1>\n\n<p class=\"has-text-align-center\">Camping L&#8217;EDEN heet u welkom van 9 april tot 6 november.<\/p>\n\n<div class=\"wp-block-columns is-layout-flex wp-container-core-columns-is-layout-9d6595d7 wp-block-columns-is-layout-flex\">\n<div class=\"wp-block-column is-layout-flow wp-block-column-is-layout-flow\">\n<p>L&#8217;EDEN, een 3-sterren camping, ligt in <a href=\"https:\/\/www.edenbretignolles.com\/nl\/de-stranden-van-bretignolles-sur-mer\" data-type=\"page\" data-id=\"188\">Br\u00e9tignolles sur Mer<\/a> in de Vend\u00e9e.<\/p>\n\n\n\n<p>De camping heeft 74 plaatsen op 2,5 hectare.<\/p>\n\n\n\n<p>Rustige en familiale camping, wij verhuren uitsluitend <a href=\"https:\/\/www.edenbretignolles.com\/nl\/verhuur\" data-type=\"page\" data-id=\"9791\">stacaravans<\/a> die tot 6 personen kunnen herbergen. Deze huuraccommodaties bevinden zich op ruime kampeerplaatsen van 80 tot 250 m\u00b2, allemaal afgebakend door heggen om uw privacy te waarborgen.<\/p>\n\n\n\n<p>Kies uw <strong>volledig uitgeruste huuraccommodatie<\/strong> van 28 tot 36 m\u00b2 voor een vakantie die buitenleven en comfort combineert.<\/p>\n\n\n\n<p>Op <strong>350 m van het centrum en de winkels<\/strong> van Bretignolles sur Mer en op 900 m van het strand, kunt u uw auto gemakkelijk vergeten en alles te voet of met de fiets doen.<\/p>\n\n\n\n<p>De fietspaden zijn direct toegankelijk vanaf de camping.<\/p>\n<\/div>\n\n\n\n<div class=\"wp-block-column is-layout-flow wp-block-column-is-layout-flow\">\n<p>Camping L&#8217;EDEN is ideaal gelegen aan de kust van de Vend\u00e9e, op 10 km van <a href=\"https:\/\/www.edenbretignolles.com\/nl\/saint-gilles-croix-de-vie\" data-type=\"page\" data-id=\"544\">Saint Gilles Croix de Vie<\/a> en op 20 km van Les <a href=\"https:\/\/www.edenbretignolles.com\/nl\/les-sables-dolonne\" data-type=\"page\" data-id=\"546\">Sables d&#8217;Olonne<\/a>.<\/p>\n\n\n\n<p>Na een goede dag op het strand, wandelen en sightseeing, profiteert u van het <a href=\"https:\/\/www.edenbretignolles.com\/nl\/het-overdekte-zwembad\" data-type=\"page\" data-id=\"9792\">overdekte en verwarmde zwembad<\/a> om te ontspannen met een peuterbad voor de kinderen en een groot zwembad met een jacuzzi gedeelte voor de ouderen.<\/p>\n\n\n\n<p>Bij L&#8217;EDEN wordt u <strong>persoonlijk<\/strong> verwelkomd vanaf uw reservering tot het einde van uw verblijf.<\/p>\n\n\n\n<p>Dus als vakantie synoniem is met rust, frisse lucht, ontspanning en goed humeur, aarzel dan niet!<\/p>\n\n\n\n<p>Op Camping L&#8217;EDEN wordt uw vakantie <strong>onvergetelijk<\/strong>!<\/p>\n\n\n\n<p>De kampeerders die hun vakantie op camping l&#8217;Eden in Br\u00e9tignolles sur Mer doorbrengen, zijn opgetogen en laten ons <a href=\"https:\/\/www.edenbretignolles.com\/nl\/beoordelingen-van-klanten\" data-type=\"page\" data-id=\"1553\">goede kritieken<\/a> na over camping Br\u00e9tignolles sur Mer.<\/p>\n<\/div>\n<\/div>\n\n<div class=\"wp-block-group alignfull has-background\" style=\"background-color:#e9e9e9\"><div class=\"wp-block-group__inner-container is-layout-flow wp-block-group-is-layout-flow\">\n<div style=\"height:40px\" aria-hidden=\"true\" class=\"wp-block-spacer\"><\/div>\n\n\n\n<p class=\"h1-like\">Camping verhuur in Bretignolles sur Mer<\/p>\n\n\n\n<div class=\"wp-block-columns is-layout-flex wp-container-core-columns-is-layout-9d6595d7 wp-block-columns-is-layout-flex\">\n<div class=\"wp-block-column is-layout-flow wp-block-column-is-layout-flow\">\n<div class=\"wp-block-create-block-sev-encartbg\"><aside class=\"encart-bg-sev small\"><a href=\"https:\/\/www.edenbretignolles.com\/nl\/verhuur#sev-chalets\" class=\"d-flex flex-column align-items-center\"><div class=\"encart-title\"><span>Verhuur met 2 slaapkamers<\/span><\/div><img decoding=\"async\" src=\"https:\/\/www.edenbretignolles.com\/wp-content\/uploads\/2020\/12\/A-lOree-des-Fees-Camping-lEden-22.jpg\" alt=\"Camping avec emplacements spacieux \u00e0 Br\u00e9tignolles sur Mer\"><button class=\"btn\"><\/button><\/a><\/aside><\/div>\n<\/div>\n\n\n\n<div class=\"wp-block-column is-layout-flow wp-block-column-is-layout-flow\">\n<div class=\"wp-block-create-block-sev-encartbg\"><aside class=\"encart-bg-sev small\"><a href=\"https:\/\/www.edenbretignolles.com\/nl\/verhuur#sev-3\" class=\"d-flex flex-column align-items-center\"><div class=\"encart-title\"><span>Verhuur met 3 slaapkamers<\/span><\/div><img decoding=\"async\" src=\"https:\/\/www.edenbretignolles.com\/wp-content\/uploads\/2022\/01\/mh.jpg\" alt=\"mobil home du camping en vend\u00e9e\"><button class=\"btn\"><\/button><\/a><\/aside><\/div>\n<\/div>\n\n\n\n<div class=\"wp-block-column is-layout-flow wp-block-column-is-layout-flow\">\n<div class=\"wp-block-create-block-sevgutenberg\"><aside class=\"encart-sev small\"><a href=\"https:\/\/www.edenbretignolles.com\/nl\/raadpleeg-de-tarieven-van-onze-camping-in-de-vendee\" class=\"d-flex flex-column align-items-center\"><div class=\"encart-title\"><span>De tarieven<\/span><\/div><img decoding=\"async\" src=\"https:\/\/www.edenbretignolles.com\/wp-content\/uploads\/2022\/01\/eurologo.png\" alt=\"tarifs du camping\"><button class=\"btn\"><\/button><\/a><\/aside><\/div>\n<\/div>\n<\/div>\n\n\n\n<div style=\"height:50px\" aria-hidden=\"true\" class=\"wp-block-spacer\"><\/div>\n<\/div><\/div>\n\n<p class=\"h1-like\">Br\u00e9tignolles sur Mer<\/p>\n\n<div class=\"wp-block-columns is-layout-flex wp-container-core-columns-is-layout-9d6595d7 wp-block-columns-is-layout-flex\">\n<div class=\"wp-block-column is-layout-flow wp-block-column-is-layout-flow\">\n<div class=\"wp-block-create-block-sev-encartbg\"><aside class=\"encart-bg-sev small\"><a href=\"https:\/\/www.edenbretignolles.com\/nl\/de-stranden-van-bretignolles-sur-mer\" class=\"d-flex flex-column align-items-center\"><div class=\"encart-title\"><span>De stranden<\/span><\/div><img decoding=\"async\" src=\"https:\/\/www.edenbretignolles.com\/wp-content\/uploads\/2022\/01\/DSC_3791.jpg\" alt=\"plage \u00e0 deux pas du camping en Vend\u00e9e\"><button class=\"btn\"><\/button><\/a><\/aside><\/div>\n<\/div>\n\n\n\n<div class=\"wp-block-column is-layout-flow wp-block-column-is-layout-flow\">\n<div class=\"wp-block-create-block-sev-encartbg\"><aside class=\"encart-bg-sev small\"><a href=\"https:\/\/www.edenbretignolles.com\/nl\/wateractiviteiten-in-de-buurt-van-de-camping\" class=\"d-flex flex-column align-items-center\"><div class=\"encart-title\"><span>Watersportactiviteiten<\/span><\/div><img decoding=\"async\" src=\"https:\/\/www.edenbretignolles.com\/wp-content\/uploads\/2022\/01\/surf.jpg\" alt=\"cours de surf pr\u00e8s du camping\"><button class=\"btn\"><\/button><\/a><\/aside><\/div>\n<\/div>\n<\/div>\n\n<div class=\"wp-block-columns is-layout-flex wp-container-core-columns-is-layout-9d6595d7 wp-block-columns-is-layout-flex\">\n<div class=\"wp-block-column is-layout-flow wp-block-column-is-layout-flow\">\n<div class=\"wp-block-create-block-sev-encartbg\"><aside class=\"encart-bg-sev small\"><a href=\"https:\/\/www.edenbretignolles.com\/nl\/onze-goede-adressen-in-bretignolles-sur-mer\" class=\"d-flex flex-column align-items-center\"><div class=\"encart-title\"><span>Onze goede adressen<\/span><\/div><img decoding=\"async\" src=\"https:\/\/www.edenbretignolles.com\/wp-content\/uploads\/2018\/02\/A-lOree-des-Fees-Camping-lEden-61.jpg\" alt=\"les bonnes adresses proche du camping\"><button class=\"btn\"><\/button><\/a><\/aside><\/div>\n<\/div>\n\n\n\n<div class=\"wp-block-column is-layout-flow wp-block-column-is-layout-flow\">\n<div class=\"wp-block-create-block-sev-encartbg\"><aside class=\"encart-bg-sev small\"><a href=\"https:\/\/www.edenbretignolles.com\/nl\/rond-de-camping-in-de-vendee\" class=\"d-flex flex-column align-items-center\"><div class=\"encart-title\"><span>Activiteiten in de omgeving<\/span><\/div><img decoding=\"async\" src=\"https:\/\/www.edenbretignolles.com\/wp-content\/uploads\/2017\/02\/Eden014.jpg\" alt=\"\"><button class=\"btn\"><\/button><\/a><\/aside><\/div>\n<\/div>\n<\/div>\n\n<div class=\"wp-block-group alignfull has-background\" style=\"background-color:#e9e9e9\"><div class=\"wp-block-group__inner-container is-layout-flow wp-block-group-is-layout-flow\">\n<div style=\"height:40px\" aria-hidden=\"true\" class=\"wp-block-spacer\"><\/div>\n\n\n\n<p class=\"h1-like\">Laurence&#8217;s advies<\/p>\n\n\n\n<div class=\"wp-block-columns is-layout-flex wp-container-core-columns-is-layout-9d6595d7 wp-block-columns-is-layout-flex\">\n<div class=\"wp-block-column is-layout-flow wp-block-column-is-layout-flow\">\n<div class=\"wp-block-create-block-sev-encartbg\"><aside class=\"encart-bg-sev small\"><a href=\"https:\/\/www.edenbretignolles.com\/nl\/kies-de-vakantie-ervaring-die-bij-u-past\" class=\"d-flex flex-column align-items-center\"><div class=\"encart-title\"><span>Kies uw ervaring<\/span><\/div><img decoding=\"async\" src=\"https:\/\/www.edenbretignolles.com\/wp-content\/uploads\/2022\/01\/PARC-DES-MORINIERES-2-CREDIT-PHOTO-ALEXANDRE-LAMOUREUX.jpg\" alt=\"d\u00e9couvrir la vend\u00e9e \u00e0 v\u00e9lo\"><button class=\"btn\"><\/button><\/a><\/aside><\/div>\n<\/div>\n\n\n\n<div class=\"wp-block-column is-layout-flow wp-block-column-is-layout-flow\">\n<div class=\"wp-block-create-block-sev-encartbg\"><aside class=\"encart-bg-sev small\"><a href=\"https:\/\/www.edenbretignolles.com\/nl\/de-eilanden-van-de-vendee-in-de-buurt-van-de-camping\" class=\"d-flex flex-column align-items-center\"><div class=\"encart-title\"><span>De eilanden<\/span><\/div><img decoding=\"async\" src=\"https:\/\/www.edenbretignolles.com\/wp-content\/uploads\/2022\/02\/yeu-port-de-la-meule.jpg\" alt=\"visite de l'\u00eele d'Yeu\"><button class=\"btn\"><\/button><\/a><\/aside><\/div>\n<\/div>\n\n\n\n<div class=\"wp-block-column is-layout-flow wp-block-column-is-layout-flow\">\n<div class=\"wp-block-create-block-sev-encartbg\"><aside class=\"encart-bg-sev small\"><a href=\"https:\/\/www.edenbretignolles.com\/nl\/niet-te-missen-steden-in-de-vendee\" class=\"d-flex flex-column align-items-center\"><div class=\"encart-title\"><span>De steden<\/span><\/div><img decoding=\"async\" src=\"https:\/\/www.edenbretignolles.com\/wp-content\/uploads\/2022\/02\/VirginieB-389-3-1024x680-1.jpg\" alt=\"visite du port de saint gilles croix de vie\"><button class=\"btn\"><\/button><\/a><\/aside><\/div>\n<\/div>\n<\/div>\n\n\n\n<div style=\"height:50px\" aria-hidden=\"true\" class=\"wp-block-spacer\"><\/div>\n<\/div><\/div>\n","protected":false},"excerpt":{"rendered":"<p>3 sterren camping Br\u00e9tignolles sur Mer in Vend\u00e9e Camping L&#8217;EDEN heet u welkom van 9 april tot 6 november. L&#8217;EDEN, een 3-sterren camping, ligt in Br\u00e9tignolles sur Mer in de Vend\u00e9e. De camping heeft 74 plaatsen op 2,5 hectare. Rustige en familiale camping, wij verhuren uitsluitend stacaravans die tot 6 personen kunnen herbergen. Deze huuraccommodaties [&hellip;]<\/p>\n","protected":false},"author":1,"featured_media":0,"parent":0,"menu_order":0,"comment_status":"open","ping_status":"closed","template":"","meta":{"_seopress_robots_primary_cat":"","_seopress_titles_title":"Camping l Eden Bretignolles sur Mer Vend\u00e9e","_seopress_titles_desc":"Uw vakantie aan zee op camping Eden Br\u00e9tignolles sur Mer in de Vend\u00e9e met verwarmd overdekt zwembad, jacuzzi en peuterbad en ruime staanplaatsen.","_seopress_robots_index":"","footnotes":""},"class_list":["post-11400","page","type-page","status-publish","hentry"],"_links":{"self":[{"href":"https:\/\/www.edenbretignolles.com\/nl\/wp-json\/wp\/v2\/pages\/11400","targetHints":{"allow":["GET"]}}],"collection":[{"href":"https:\/\/www.edenbretignolles.com\/nl\/wp-json\/wp\/v2\/pages"}],"about":[{"href":"https:\/\/www.edenbretignolles.com\/nl\/wp-json\/wp\/v2\/types\/page"}],"author":[{"embeddable":true,"href":"https:\/\/www.edenbretignolles.com\/nl\/wp-json\/wp\/v2\/users\/1"}],"replies":[{"embeddable":true,"href":"https:\/\/www.edenbretignolles.com\/nl\/wp-json\/wp\/v2\/comments?post=11400"}],"version-history":[{"count":1,"href":"https:\/\/www.edenbretignolles.com\/nl\/wp-json\/wp\/v2\/pages\/11400\/revisions"}],"predecessor-version":[{"id":11404,"href":"https:\/\/www.edenbretignolles.com\/nl\/wp-json\/wp\/v2\/pages\/11400\/revisions\/11404"}],"wp:attachment":[{"href":"https:\/\/www.edenbretignolles.com\/nl\/wp-json\/wp\/v2\/media?parent=11400"}],"curies":[{"name":"wp","href":"https:\/\/api.w.org\/{rel}","templated":true}]}}