{"id":11608,"date":"2022-04-20T15:36:02","date_gmt":"2022-04-20T13:36:02","guid":{"rendered":"https:\/\/www.edenbretignolles.com\/redactie"},"modified":"2022-04-20T15:36:02","modified_gmt":"2022-04-20T13:36:02","slug":"redactie","status":"publish","type":"page","link":"https:\/\/www.edenbretignolles.com\/nl\/redactie\/","title":{"rendered":"Redactie"},"content":{"rendered":"\t\t\r\n\t\t<div class=\"editos\">\r\n\t\t\t\r\n\t\t\t\t\r\n\t\t\t\t\t\r\n\t\t\t<article>\r\n\t\t\t\t<h2><a href=\"https:\/\/www.edenbretignolles.com\/nl\/editorial\/campingcalmeabretignollessurmer\/\">Camping calme \u00e0 Bretignolles sur mer<\/a><\/h2>\r\n\t\t\t\t<div class=\"content\"><p>&nbsp; A quoi ressemblent vos vacances id\u00e9ales ?\u00a0 &nbsp; Certains sont \u00e0 la recherche d&#8217;aventures, d\u2019autres d&#8217;un petit camping calme \u00e0 Bretignolles sur Mer, d&#8217;autres encore se retrouvent en famille ou au contraire, souhaitent faire de nouvelles rencontres. Bref, que vous soyez un inconditionnel de la bronzette \u00e0 la plage ou un adepte du tournoi [&hellip;]<\/p>\n<\/div>\r\n\t\t\t\t<p class=\"text-right\"><a href=\"https:\/\/www.edenbretignolles.com\/nl\/editorial\/campingcalmeabretignollessurmer\/\">Lees meer...<\/a><\/p>\r\n\t\t\t<\/article>\r\n\r\n\t\t\t\t\t\r\n\t\t\t<article>\r\n\t\t\t\t<h2><a href=\"https:\/\/www.edenbretignolles.com\/nl\/editorial\/camping-en-bord-de-mer\/\">Camping en bord de mer\u00a0<\/a><\/h2>\r\n\t\t\t\t<div class=\"content\"><p>C&#8217;est l&#8217;\u00e9t\u00e9 en bord de mer ! Les vacances d\u2019\u00e9t\u00e9 sont enfin l\u00e0. C\u2019est le retour des barbecues, des petits-d\u00e9jeuners sur la terrasse, des longues balades sur la plage au coucher du soleil et vous n\u2019attendez qu\u2019une chose : votre s\u00e9jour dans ce camping en bord de mer que vous avez r\u00e9serv\u00e9 pour vous et [&hellip;]<\/p>\n<\/div>\r\n\t\t\t\t<p class=\"text-right\"><a href=\"https:\/\/www.edenbretignolles.com\/nl\/editorial\/camping-en-bord-de-mer\/\">Lees meer...<\/a><\/p>\r\n\t\t\t<\/article>\r\n\r\n\t\t\t\t\t\r\n\t\t\t<article>\r\n\t\t\t\t<h2><a href=\"https:\/\/www.edenbretignolles.com\/nl\/editorial\/petit-camping-bretignolles-sur-mer\/\">PETIT CAMPING BRETIGNOLLES SUR MER<\/a><\/h2>\r\n\t\t\t\t<div class=\"content\"><p>Il n\u2019y a rien de p\u00e9joratif \u00e0 \u00eatre un \u00ab&nbsp;petit&nbsp;\u00bb camping et nous le revendiquons m\u00eame haut et fort. Les go\u00fbts sont dans la nature et il en faut pour tout le monde.&nbsp; Si vous aimez les animations en journ\u00e9e et en soir\u00e9e, les piscines avec un ou plusieurs toboggans, les surfaces multisports&#8230;, notre petit [&hellip;]<\/p>\n<\/div>\r\n\t\t\t\t<p class=\"text-right\"><a href=\"https:\/\/www.edenbretignolles.com\/nl\/editorial\/petit-camping-bretignolles-sur-mer\/\">Lees meer...<\/a><\/p>\r\n\t\t\t<\/article>\r\n\r\n\t\t\t\t\t\r\n\t\t\t<article>\r\n\t\t\t\t<h2><a href=\"https:\/\/www.edenbretignolles.com\/nl\/editorial\/vacances-camping-bretignolles-sur-mer\/\">Vacances camping Br\u00e9tignolles sur Mer<\/a><\/h2>\r\n\t\t\t\t<div class=\"content\"><p>Avez-vous fait l\u2019exp\u00e9rience des vacances en camping \u00e0 Br\u00e9tignolles sur Mer ? En effet, me direz-vous, les modes d\u2019h\u00e9bergements pour partir en vacances sont nombreux. Certains choisissent l\u2019h\u00f4tel, les r\u00e9sidences de tourisme ou d&#8217;autres une location de maison. Pourtant, les vacances en camping \u00e0 Br\u00e9tignolles est un moyen s\u00fbr de passer un bon moment en [&hellip;]<\/p>\n<\/div>\r\n\t\t\t\t<p class=\"text-right\"><a href=\"https:\/\/www.edenbretignolles.com\/nl\/editorial\/vacances-camping-bretignolles-sur-mer\/\">Lees meer...<\/a><\/p>\r\n\t\t\t<\/article>\r\n\r\n\t\t\t\t\t\r\n\t\t\t<article>\r\n\t\t\t\t<h2><a href=\"https:\/\/www.edenbretignolles.com\/nl\/editorial\/camping-emplacements-spacieux-bretignolles-sur-mer\/\">CAMPING EMPLACEMENTS SPACIEUX BRETIGNOLLES SUR MER<\/a><\/h2>\r\n\t\t\t\t<div class=\"content\"><p>Trouver un camping avec des emplacements spacieux et bien d\u00e9limit\u00e9s pour passer des vacances tranquilles ressemble souvent au parcours du combattant. En effet, il n\u2019y a rien de plus g\u00eanant que de se retrouver coller \u00e0 l\u2019emplacement de son voisin, m\u00eame si ce voisin est sympathique. Rien de plus embarrassant que de suivre la conversation [&hellip;]<\/p>\n<\/div>\r\n\t\t\t\t<p class=\"text-right\"><a href=\"https:\/\/www.edenbretignolles.com\/nl\/editorial\/camping-emplacements-spacieux-bretignolles-sur-mer\/\">Lees meer...<\/a><\/p>\r\n\t\t\t<\/article>\r\n\r\n\t\t\t\t\t\r\n\t\t\t<article>\r\n\t\t\t\t<h2><a href=\"https:\/\/www.edenbretignolles.com\/nl\/editorial\/location-mobil-home-pmr-bretignolles-sur-mer\/\">LOCATION MOBIL-HOME PMR BRETIGNOLLES SUR MER<\/a><\/h2>\r\n\t\t\t\t<div class=\"content\"><p>Cela faisait longtemps que le Camping L\u2019EDEN, situ\u00e9 \u00e0 Br\u00e9tignolles sur Mer, souhaitait acqu\u00e9rir un mobil-home locatif PMR et c\u2019est maintenant chose faite. En effet, cette location mobil-home PMR est disponible depuis la saison 2020. Pourquoi avoir install\u00e9 une location PMR ? Cette location r\u00e9pond sp\u00e9cifiquement aux besoins des personnes en situation de handicap ou [&hellip;]<\/p>\n<\/div>\r\n\t\t\t\t<p class=\"text-right\"><a href=\"https:\/\/www.edenbretignolles.com\/nl\/editorial\/location-mobil-home-pmr-bretignolles-sur-mer\/\">Lees meer...<\/a><\/p>\r\n\t\t\t<\/article>\r\n\r\n\t\t\t\t\t\r\n\t\t\t<article>\r\n\t\t\t\t<h2><a href=\"https:\/\/www.edenbretignolles.com\/nl\/editorial\/sejour-camping-bretignolles-en-mobil-home\/\">S\u00c9JOUR MOBIL-HOME CAMPING BRETIGNOLLES<\/a><\/h2>\r\n\t\t\t\t<div class=\"content\"><p>Vous avez r\u00e9serv\u00e9 votre s\u00e9jour&nbsp;en mobil-home au camping L\u2019EDEN \u00e0 Br\u00e9tignolles sur Mer. Vous avez effectu\u00e9 cette r\u00e9servation en nous renvoyant le contrat de location ou \u00eates pass\u00e9 par la r\u00e9servation en ligne sur notre site Internet : www.edenbretignolles.com Dans un premier temps, vous avez vers\u00e9 un acompte correspondant \u00e0 30% du montant de la [&hellip;]<\/p>\n<\/div>\r\n\t\t\t\t<p class=\"text-right\"><a href=\"https:\/\/www.edenbretignolles.com\/nl\/editorial\/sejour-camping-bretignolles-en-mobil-home\/\">Lees meer...<\/a><\/p>\r\n\t\t\t<\/article>\r\n\r\n\t\t\t\t\t\r\n\t\t\t<article>\r\n\t\t\t\t<h2><a href=\"https:\/\/www.edenbretignolles.com\/nl\/editorial\/camping-bretignolles-connexion-wifi\/\">CAMPING BRETIGNOLLES CONNEXION WIFI<\/a><\/h2>\r\n\t\t\t\t<div class=\"content\"><p>Qu&#8217;on le veuille ou non, il est difficile aujourd&#8217;hui de se passer d&#8217;internet et d&#8217;une connexion WIFI en camping \u00e0 Br\u00e9tignolles. Car, oui, nous l&#8217;utilisons m\u00eame pendant nos vacances. Comment se connecter \u00e0 la WIFI au Camping L&#8217;EDEN ? Un total de six antennes WIFI est install\u00e9 et r\u00e9parti sur l&#8217;ensemble de votre camping \u00e0 [&hellip;]<\/p>\n<\/div>\r\n\t\t\t\t<p class=\"text-right\"><a href=\"https:\/\/www.edenbretignolles.com\/nl\/editorial\/camping-bretignolles-connexion-wifi\/\">Lees meer...<\/a><\/p>\r\n\t\t\t<\/article>\r\n\r\n\t\t\t\t\t\r\n\t\t\t<article>\r\n\t\t\t\t<h2><a href=\"https:\/\/www.edenbretignolles.com\/nl\/editorial\/camping-bretignolles-cheque-vacances-connect\/\">CAMPING BRETIGNOLLES CHEQUE-VACANCES CONNECT<\/a><\/h2>\r\n\t\t\t\t<div class=\"content\"><p>Le Camping L\u2019EDEN \u00e0 Br\u00e9tignolles sur Mer propose un nouveau moyen de paiement : le Ch\u00e8que-Vacances Connect appel\u00e9 aussi ANCV Connect. Vous \u00eates b\u00e9n\u00e9ficiaire de Ch\u00e8que-Vacances ? Ce mode de paiement est donc fait pour vous ! Le Ch\u00e8que-Vacances Connect est un moyen de paiement sans contact. Il remplace donc le Ch\u00e8que-Vacances papier. Le client [&hellip;]<\/p>\n<\/div>\r\n\t\t\t\t<p class=\"text-right\"><a href=\"https:\/\/www.edenbretignolles.com\/nl\/editorial\/camping-bretignolles-cheque-vacances-connect\/\">Lees meer...<\/a><\/p>\r\n\t\t\t<\/article>\r\n\r\n\t\t\t\t\t\r\n\t\t\t<article>\r\n\t\t\t\t<h2><a href=\"https:\/\/www.edenbretignolles.com\/nl\/editorial\/camping-bretignolles-sur-mer-cheques-vacances-ancv\/\">CAMPING BRETIGNOLLES SUR MER CHEQUES VACANCES ANCV<\/a><\/h2>\r\n\t\t\t\t<div class=\"content\"><p>Au Camping L&#8217;EDEN \u00e0 Br\u00e9tignolles sur Mer, vous pouvez payer la totalit\u00e9 ou une partie de votre location mobil-home en ch\u00e8ques vacances ANCV. Que sont les ch\u00e8ques vacances ANCV ? Les ch\u00e8ques vacances ANCV sont un moyen de paiement qui a \u00e9t\u00e9 cr\u00e9\u00e9 pour aider le plus grand nombre de familles \u00e0 partir en vacances. [&hellip;]<\/p>\n<\/div>\r\n\t\t\t\t<p class=\"text-right\"><a href=\"https:\/\/www.edenbretignolles.com\/nl\/editorial\/camping-bretignolles-sur-mer-cheques-vacances-ancv\/\">Lees meer...<\/a><\/p>\r\n\t\t\t<\/article>\r\n\r\n\t\t\t\t\t\r\n\t\t\t<article>\r\n\t\t\t\t<h2><a href=\"https:\/\/www.edenbretignolles.com\/nl\/editorial\/bien-choisir-sa-location-en-mobil-home\/\">BIEN CHOISIR SA LOCATION EN MOBIL-HOME<\/a><\/h2>\r\n\t\t\t\t<div class=\"content\"><p>Les vacances sont importantes. On se les projette souvent longtemps \u00e0 l&#8217;avance et l&#8217;on ne souhaite qu&#8217;une seule chose, c&#8217;est qu&#8217;elles soient r\u00e9ussies. Si le choix de la destination est une \u00e9tape importante, bien choisir sa location en mobil-home est \u00e9galement primordial. Certains crit\u00e8res sont donc \u00e0 prendre en compte. Le nombre de personnes Il [&hellip;]<\/p>\n<\/div>\r\n\t\t\t\t<p class=\"text-right\"><a href=\"https:\/\/www.edenbretignolles.com\/nl\/editorial\/bien-choisir-sa-location-en-mobil-home\/\">Lees meer...<\/a><\/p>\r\n\t\t\t<\/article>\r\n\r\n\t\t\t\t\t\r\n\t\t\t<article>\r\n\t\t\t\t<h2><a href=\"https:\/\/www.edenbretignolles.com\/nl\/editorial\/location-week-end-paques-a-bretignolles-mer\/\">Location week-end P\u00e2ques \u00e0 Br\u00e9tignolles sur Mer<\/a><\/h2>\r\n\t\t\t\t<div class=\"content\"><p>Le week-end de P\u00e2ques en location mobil-home \u00e0 Br\u00e9tignolles sur Mer est proche et attendu. En effet, le week-end de P\u00e2ques signifie que les beaux jours arrivent enfin. C\u2019est aussi le week-end prolong\u00e9 id\u00e9al pour recharger les batteries apr\u00e8s un long hiver. Nous vous proposons un s\u00e9jour de 3 jours et 2 nuits dans la [&hellip;]<\/p>\n<\/div>\r\n\t\t\t\t<p class=\"text-right\"><a href=\"https:\/\/www.edenbretignolles.com\/nl\/editorial\/location-week-end-paques-a-bretignolles-mer\/\">Lees meer...<\/a><\/p>\r\n\t\t\t<\/article>\r\n\r\n\t\t\t\t\t\r\n\t\t\t<article>\r\n\t\t\t\t<h2><a href=\"https:\/\/www.edenbretignolles.com\/nl\/editorial\/vacances-toussaint-camping-leden-bretignolles-mer\/\">VACANCES TOUSSAINT CAMPING L&#8217;EDEN BRETIGNOLLES SUR MER<\/a><\/h2>\r\n\t\t\t\t<div class=\"content\"><p>Les vacances de la Toussaint au Camping L\u2019Eden \u00e0 Br\u00e9tignolles sur Mer sont LES vacances permettant de faire un break apr\u00e8s l\u2019\u00e9t\u00e9 et avant d\u2019affronter l\u2019hiver. Elles sont, en effet, id\u00e9ales pour profiter des derni\u00e8res belles journ\u00e9es ensoleill\u00e9es de l\u2019automne. Les activit\u00e9s en cette saison sont multiples&nbsp;: Balades en bord de mer \u00e0 pied ou [&hellip;]<\/p>\n<\/div>\r\n\t\t\t\t<p class=\"text-right\"><a href=\"https:\/\/www.edenbretignolles.com\/nl\/editorial\/vacances-toussaint-camping-leden-bretignolles-mer\/\">Lees meer...<\/a><\/p>\r\n\t\t\t<\/article>\r\n\r\n\t\t\t\t\t\r\n\t\t\t<article>\r\n\t\t\t\t<h2><a href=\"https:\/\/www.edenbretignolles.com\/nl\/editorial\/camping-acceptant-animaux-bretignolles-mer\/\">CAMPING ACCEPTANT LES ANIMAUX BRETIGNOLLES SUR MER<\/a><\/h2>\r\n\t\t\t\t<div class=\"content\"><p>Mes ma\u00eetres m&#8217;ont dit qu&#8217;il est souvent fastidieux de trouver un camping acceptant les animaux \u00e0 Br\u00e9tignolles sur Mer. Pourtant, tout comme eux, je m\u00e9rite aussi de partir en vacances avec le reste de la famille ! Nous avons trouv\u00e9 le Camping L&#8217;EDEN&nbsp;qui justement accepte les animaux. Oui, je suis la bienvenue tout autant que [&hellip;]<\/p>\n<\/div>\r\n\t\t\t\t<p class=\"text-right\"><a href=\"https:\/\/www.edenbretignolles.com\/nl\/editorial\/camping-acceptant-animaux-bretignolles-mer\/\">Lees meer...<\/a><\/p>\r\n\t\t\t<\/article>\r\n\r\n\t\t\t\t\t\r\n\t\t\t<article>\r\n\t\t\t\t<h2><a href=\"https:\/\/www.edenbretignolles.com\/nl\/editorial\/vacances-camping-bretignolles-vendee\/\">VACANCES CAMPING BRETIGNOLLES VENDEE<\/a><\/h2>\r\n\t\t\t\t<div class=\"content\"><p>Votre choix est fait. Les vacances approchent et vous souhaitez les passer dans un camping \u00e0 Br\u00e9tignolles sur Mer en Vend\u00e9e. Vous avez bien raison ! Des vacances en camping, c&#8217;est partager des moments simples et conviviaux en famille ou entre amis, des moments si pr\u00e9cieux. Des vacances en camping \u00e0 Br\u00e9tignolles sur Mer en [&hellip;]<\/p>\n<\/div>\r\n\t\t\t\t<p class=\"text-right\"><a href=\"https:\/\/www.edenbretignolles.com\/nl\/editorial\/vacances-camping-bretignolles-vendee\/\">Lees meer...<\/a><\/p>\r\n\t\t\t<\/article>\r\n\r\n\t\t\t\t\t\r\n\t\t\t<article>\r\n\t\t\t\t<h2><a href=\"https:\/\/www.edenbretignolles.com\/nl\/editorial\/editorialcamping-familial-bretignolles-mer\/\">CAMPING FAMILIAL BRETIGNOLLES SUR MER<\/a><\/h2>\r\n\t\t\t\t<div class=\"content\"><p>Les vacances d\u2019\u00e9t\u00e9 arrivent enfin. Apr\u00e8s de longs mois d\u2019hiver et de travail intensif, vous ne pensez qu\u2019\u00e0 une chose : vous reposer. Oui, juste vous reposer et vous d\u00e9tendre dans un camping calme et familial \u00e0 Br\u00e9tignolles sur Mer. Le camping L\u2019EDEN correspond pr\u00e9cis\u00e9ment \u00e0 vos attentes. Nous avons fait le choix de ne [&hellip;]<\/p>\n<\/div>\r\n\t\t\t\t<p class=\"text-right\"><a href=\"https:\/\/www.edenbretignolles.com\/nl\/editorial\/editorialcamping-familial-bretignolles-mer\/\">Lees meer...<\/a><\/p>\r\n\t\t\t<\/article>\r\n\r\n\t\t\t\t\t\r\n\t\t\t<article>\r\n\t\t\t\t<h2><a href=\"https:\/\/www.edenbretignolles.com\/nl\/editorial\/meilleur-camping-bretignolles-mer\/\">MEILLEUR CAMPING BRETIGNOLLES SUR MER<\/a><\/h2>\r\n\t\t\t\t<div class=\"content\"><p>Assis derri\u00e8re votre ordinateur, vous pensez \u00e0 vos vacances. Vous recherchez le meilleur camping \u00e0 Br\u00e9tignolles sur Mer. Cette ann\u00e9e, vous avez envie de vous offrir le top du top. Vous souhaitez que vos vacances soient r\u00e9ussies et garder de celles-ci des souvenirs fabuleux. Ne cherchez plus, vous y \u00eates ! Oui, vous \u00eates bien [&hellip;]<\/p>\n<\/div>\r\n\t\t\t\t<p class=\"text-right\"><a href=\"https:\/\/www.edenbretignolles.com\/nl\/editorial\/meilleur-camping-bretignolles-mer\/\">Lees meer...<\/a><\/p>\r\n\t\t\t<\/article>\r\n\r\n\t\t\t\t\t\r\n\t\t\t<article>\r\n\t\t\t\t<h2><a href=\"https:\/\/www.edenbretignolles.com\/nl\/editorial\/camping-qualite-bretignolles-mer\/\">CAMPING QUALIT\u00c9 BRETIGNOLLES SUR MER<\/a><\/h2>\r\n\t\t\t\t<div class=\"content\"><p>Choisir un camping de qualit\u00e9 \u00e0 Br\u00e9tignolles sur Mer n\u2019est pas facile car l\u2019offre est nombreuse. Pour faciliter votre recherche la qualit\u00e9 d\u2019un camping se mesure \u00e0 plusieurs crit\u00e8res. En voici les principaux : &#8211; La qualit\u00e9 de son accueil &#8211; La qualit\u00e9 de ses emplacements et de ses locations mobil-homes &#8211; La qualit\u00e9 de [&hellip;]<\/p>\n<\/div>\r\n\t\t\t\t<p class=\"text-right\"><a href=\"https:\/\/www.edenbretignolles.com\/nl\/editorial\/camping-qualite-bretignolles-mer\/\">Lees meer...<\/a><\/p>\r\n\t\t\t<\/article>\r\n\r\n\t\t\t\t\t\r\n\t\t\t<article>\r\n\t\t\t\t<h2><a href=\"https:\/\/www.edenbretignolles.com\/nl\/editorial\/avis-camping-bretignolles-mer\/\">AVIS CAMPING BRETIGNOLLES SUR MER<\/a><\/h2>\r\n\t\t\t\t<div class=\"content\"><p>Nous avons consult\u00e9 pour vous les avis camping Br\u00e9tignolles sur Mer. En effet, nous avons souhait\u00e9 vous faciliter la t\u00e2che. Vous \u00eates nombreux \u00e0 lire les avis avant de vous lancer \u00e0 r\u00e9server. C\u2019est bien normal. Personne n\u2019a envie de rater ses vacances, souvent pr\u00e9vues plusieurs mois \u00e0 l\u2019avance. Nous mettons beaucoup d\u2019\u00e9nergie \u00e0 rechercher [&hellip;]<\/p>\n<\/div>\r\n\t\t\t\t<p class=\"text-right\"><a href=\"https:\/\/www.edenbretignolles.com\/nl\/editorial\/avis-camping-bretignolles-mer\/\">Lees meer...<\/a><\/p>\r\n\t\t\t<\/article>\r\n\r\n\t\t\t\t\t\r\n\t\t\t<article>\r\n\t\t\t\t<h2><a href=\"https:\/\/www.edenbretignolles.com\/nl\/editorial\/camping-3-etoiles-bretignolles-mer\/\">CAMPING 3 ETOILES BRETIGNOLLES SUR MER<\/a><\/h2>\r\n\t\t\t\t<div class=\"content\"><p>Partir en vacances et s\u00e9journer dans un camping 3 \u00e9toiles \u00e0 Br\u00e9tignolles sur Mer, c\u2019est la satisfaction assur\u00e9e. Est-ce-que vous trouverez au Camping L\u2019EDEN toutes les prestations et la qualit\u00e9 d\u2019un camping 3 \u00e9toiles \u00e0 Br\u00e9tignolles sur Mer ? Assur\u00e9ment, oui. En effet, le nombre d\u2019\u00e9toiles est contr\u00f4l\u00e9 et donn\u00e9 tous les 5 ans par [&hellip;]<\/p>\n<\/div>\r\n\t\t\t\t<p class=\"text-right\"><a href=\"https:\/\/www.edenbretignolles.com\/nl\/editorial\/camping-3-etoiles-bretignolles-mer\/\">Lees meer...<\/a><\/p>\r\n\t\t\t<\/article>\r\n\r\n\t\t\t\t\t\r\n\t\t\t<article>\r\n\t\t\t\t<h2><a href=\"https:\/\/www.edenbretignolles.com\/nl\/editorial\/camping-pistes-cyclables-bretignolles-mer\/\">CAMPING PISTES CYCLABLES BRETIGNOLLES SUR MER<\/a><\/h2>\r\n\t\t\t\t<div class=\"content\"><p>Les pistes cyclables sont en acc\u00e8s direct \u00e0 la sortie du Camping L\u2019EDEN \u00e0 Br\u00e9tignolles sur Mer. Quel bonheur aux beaux jours de prendre son v\u00e9lo&nbsp;et de partir pour une belle balade en famille ou entre amis ! Que l\u2019on utilise le v\u00e9lo de fa\u00e7on sportive ou pour la d\u00e9tente, les pistes cyclables sont s\u00e9curis\u00e9es [&hellip;]<\/p>\n<\/div>\r\n\t\t\t\t<p class=\"text-right\"><a href=\"https:\/\/www.edenbretignolles.com\/nl\/editorial\/camping-pistes-cyclables-bretignolles-mer\/\">Lees meer...<\/a><\/p>\r\n\t\t\t<\/article>\r\n\r\n\t\t\t\t\t\r\n\t\t\t<article>\r\n\t\t\t\t<h2><a href=\"https:\/\/www.edenbretignolles.com\/nl\/editorial\/editorialcamping-pas-cher-bretignolles-mer\/\">CAMPING PAS CHER BRETIGNOLLES SUR MER<\/a><\/h2>\r\n\t\t\t\t<div class=\"content\"><p>Si le budget est un \u00e9l\u00e9ment important dans le choix de vos vacances et que vous recherchez un camping pas cher \u00e0 Bretignolles sur Mer, le Camping L\u2019EDEN r\u00e9pond \u00e0 vos attentes. En effet, pas besoin de casser sa tirelire pour passer des vacances formidables dans un camping qui vous donnera tout le confort que [&hellip;]<\/p>\n<\/div>\r\n\t\t\t\t<p class=\"text-right\"><a href=\"https:\/\/www.edenbretignolles.com\/nl\/editorial\/editorialcamping-pas-cher-bretignolles-mer\/\">Lees meer...<\/a><\/p>\r\n\t\t\t<\/article>\r\n\r\n\t\t\t\t\t\r\n\t\t\t<article>\r\n\t\t\t\t<h2><a href=\"https:\/\/www.edenbretignolles.com\/nl\/editorial\/reservation-ligne-camping-leden\/\">R\u00e9servation en ligne au Camping L&#8217;EDEN<\/a><\/h2>\r\n\t\t\t\t<div class=\"content\"><p>A l&#8217;heure o\u00f9 Internet a pris une grande place dans nos vies, il est rapide et facile d&#8217;utiliser la r\u00e9servation en ligne pour choisir sa location de vacances au Camping L&#8217;EDEN. Deux solutions s&#8217;offrent \u00e0 vous. Connectez-vous tout d&#8217;abord \u00e0 notre site Internet : https:\/\/www.edenbretignolles.com\/ Solution num\u00e9ro 1 de r\u00e9servation en ligne Sur notre page [&hellip;]<\/p>\n<\/div>\r\n\t\t\t\t<p class=\"text-right\"><a href=\"https:\/\/www.edenbretignolles.com\/nl\/editorial\/reservation-ligne-camping-leden\/\">Lees meer...<\/a><\/p>\r\n\t\t\t<\/article>\r\n\r\n\t\t\t\t\t\r\n\t\t\t<article>\r\n\t\t\t\t<h2><a href=\"https:\/\/www.edenbretignolles.com\/nl\/editorial\/location-mobil-home-week-end-bretignolles-sur-mer\/\">Location Mobil-Home Week-end Br\u00e9tignolles sur Mer<\/a><\/h2>\r\n\t\t\t\t<div class=\"content\"><p>Nous avons tous besoin, \u00e0 un moment ou \u00e0 un autre, de faire une pause dans notre quotidien et de se ressourcer en changeant d&#8217;air et d&#8217;environnement le temps d&#8217;un week-end. Un l\u00e9ger sac \u00e0 pr\u00e9parer et vous voil\u00e0 pr\u00eats \u00e0 partir en location Mobil-homes o\u00f9 vous vivrez \u00e0 l&#8217;heure et au rythme que vous [&hellip;]<\/p>\n<\/div>\r\n\t\t\t\t<p class=\"text-right\"><a href=\"https:\/\/www.edenbretignolles.com\/nl\/editorial\/location-mobil-home-week-end-bretignolles-sur-mer\/\">Lees meer...<\/a><\/p>\r\n\t\t\t<\/article>\r\n\r\n\t\t\t\t\t\r\n\t\t\t<article>\r\n\t\t\t\t<h2><a href=\"https:\/\/www.edenbretignolles.com\/nl\/editorial\/camping-leden-destination-surf\/\">Camping L\u2019\u00c9DEN \u00e0 Br\u00e9tignolles sur Mer \u2013 Destination surf<\/a><\/h2>\r\n\t\t\t\t<div class=\"content\"><p>Vous \u00eates d\u00e9butant ou confirm\u00e9 au surf et \u00eates \u00e0 la recherche d&#8217;une destination pour des sensations fortes ? Alors prenez vos serviettes, vos lunettes de soleil, vos tongs et votre maillot de bain et rejoignez nous \u00e0 Br\u00e9tignolles sur mer ! Br\u00e9tignolles sur mer est depuis les ann\u00e9es 1980 une destination phare pour surfer [&hellip;]<\/p>\n<\/div>\r\n\t\t\t\t<p class=\"text-right\"><a href=\"https:\/\/www.edenbretignolles.com\/nl\/editorial\/camping-leden-destination-surf\/\">Lees meer...<\/a><\/p>\r\n\t\t\t<\/article>\r\n\r\n\t\t\t\t\t\r\n\t\t\t<article>\r\n\t\t\t\t<h2><a href=\"https:\/\/www.edenbretignolles.com\/nl\/editorial\/location-mobil-home-pres-des-sables-dolonne\/\">Location Mobil-home pr\u00e8s des Sables d&#8217;Olonne<\/a><\/h2>\r\n\t\t\t\t<div class=\"content\"><p>Le soleil, la mer, la piscine, les concours de p\u00e9tanque, les balades \u00e0 pieds ou en v\u00e9los&#8230; Et oui c&#8217;est les vacances en camping ! Vous n&#8217;avez toujours pas r\u00e9serv\u00e9 votre s\u00e9jour ? Le Camping L\u2019\u00c9den, qui se situe \u00e0 20kms des Sables d&#8217;Olonne, vous propose la location de Mobil-Homes tout \u00e9quip\u00e9s. Ville touristique depuis [&hellip;]<\/p>\n<\/div>\r\n\t\t\t\t<p class=\"text-right\"><a href=\"https:\/\/www.edenbretignolles.com\/nl\/editorial\/location-mobil-home-pres-des-sables-dolonne\/\">Lees meer...<\/a><\/p>\r\n\t\t\t<\/article>\r\n\r\n\t\t\t\t\t\r\n\t\t\t<article>\r\n\t\t\t\t<h2><a href=\"https:\/\/www.edenbretignolles.com\/nl\/editorial\/location-mobil-home-pres-de-saint-gilles-croix-de-vie\/\">Location Mobil-Home pr\u00e8s de Saint Gilles Croix de Vie<\/a><\/h2>\r\n\t\t\t\t<div class=\"content\"><p>Le Pays de Saint Gilles Croix de Vie vous attire pour un s\u00e9jour en locations de Mobil-Home ? Ne perdez plus de temps ! Le Camping L&#8217;EDEN vous accueille \u00e0 Br\u00e9tignolles sur mer \u00e0 seulement 12 kms de Saint Gilles Croix de Vie. &nbsp; Vous avez le choix de r\u00e9server le Mobil-home qui vous convient [&hellip;]<\/p>\n<\/div>\r\n\t\t\t\t<p class=\"text-right\"><a href=\"https:\/\/www.edenbretignolles.com\/nl\/editorial\/location-mobil-home-pres-de-saint-gilles-croix-de-vie\/\">Lees meer...<\/a><\/p>\r\n\t\t\t<\/article>\r\n\r\n\t\t\t\t\t\r\n\t\t\t<article>\r\n\t\t\t\t<h2><a href=\"https:\/\/www.edenbretignolles.com\/nl\/editorial\/location-mobil-home-bretignolles-sur-mer\/\">Location Mobil-Home Br\u00e9tignolles sur mer<\/a><\/h2>\r\n\t\t\t\t<div class=\"content\"><p>L&#8217;\u00e9t\u00e9 approche et vos vacances arrivent \u00e0 grands pas. Vous avez opt\u00e9 pour une location Mobil-Home&nbsp;\u00e0 Br\u00e9tignolles sur Mer mais le lieu exact n&#8217;est pas encore d\u00e9fini ? N&#8217;h\u00e9sitez plus, le camping L&#8217;EDEN, situ\u00e9 \u00e0 Br\u00e9tignolles sur mer, propose des locations de mobil-homes tout \u00e9quip\u00e9s. Le camping propose une gamme de 74 locations de 2 [&hellip;]<\/p>\n<\/div>\r\n\t\t\t\t<p class=\"text-right\"><a href=\"https:\/\/www.edenbretignolles.com\/nl\/editorial\/location-mobil-home-bretignolles-sur-mer\/\">Lees meer...<\/a><\/p>\r\n\t\t\t<\/article>\r\n\r\n\t\t\t\t\t\r\n\t\t\t<article>\r\n\t\t\t\t<h2><a href=\"https:\/\/www.edenbretignolles.com\/nl\/editorial\/camping-avec-piscine-couverte-et-chauffee-a-bretignolles-sur-mer\/\">Camping avec piscine couverte et chauff\u00e9e \u00e0 Br\u00e9tignolles sur Mer<\/a><\/h2>\r\n\t\t\t\t<div class=\"content\"><p>Une piscine pour des vacances r\u00e9ussies, c&#8217;est bien, mais une piscine couverte et chauff\u00e9e, c&#8217;est encore mieux. Le Camping L&#8217;EDEN, class\u00e9 3 \u00e9toiles \u00e0 Br\u00e9tignolles sur Mer, vous offre la possibilit\u00e9 de vous baigner et de vous pr\u00e9lasser dans une eau chauff\u00e9e \u00e0 28\u00b0C minimum quelque soit la m\u00e9t\u00e9o. Notre piscine couverte poss\u00e8de : &#8211; [&hellip;]<\/p>\n<\/div>\r\n\t\t\t\t<p class=\"text-right\"><a href=\"https:\/\/www.edenbretignolles.com\/nl\/editorial\/camping-avec-piscine-couverte-et-chauffee-a-bretignolles-sur-mer\/\">Lees meer...<\/a><\/p>\r\n\t\t\t<\/article>\r\n\r\n\t\t\r\n\t\t\t\t\t\r\n\t\t\t\t\r\n\t\t\t\t\t\t\r\n\t\t<\/div>\r\n\r\n\t\t\n","protected":false},"excerpt":{"rendered":"","protected":false},"author":1,"featured_media":0,"parent":0,"menu_order":0,"comment_status":"open","ping_status":"closed","template":"","meta":{"_seopress_robots_primary_cat":"","_seopress_titles_title":"","_seopress_titles_desc":"","_seopress_robots_index":"","footnotes":""},"class_list":["post-11608","page","type-page","status-publish","hentry"],"_links":{"self":[{"href":"https:\/\/www.edenbretignolles.com\/nl\/wp-json\/wp\/v2\/pages\/11608","targetHints":{"allow":["GET"]}}],"collection":[{"href":"https:\/\/www.edenbretignolles.com\/nl\/wp-json\/wp\/v2\/pages"}],"about":[{"href":"https:\/\/www.edenbretignolles.com\/nl\/wp-json\/wp\/v2\/types\/page"}],"author":[{"embeddable":true,"href":"https:\/\/www.edenbretignolles.com\/nl\/wp-json\/wp\/v2\/users\/1"}],"replies":[{"embeddable":true,"href":"https:\/\/www.edenbretignolles.com\/nl\/wp-json\/wp\/v2\/comments?post=11608"}],"version-history":[{"count":1,"href":"https:\/\/www.edenbretignolles.com\/nl\/wp-json\/wp\/v2\/pages\/11608\/revisions"}],"predecessor-version":[{"id":11609,"href":"https:\/\/www.edenbretignolles.com\/nl\/wp-json\/wp\/v2\/pages\/11608\/revisions\/11609"}],"wp:attachment":[{"href":"https:\/\/www.edenbretignolles.com\/nl\/wp-json\/wp\/v2\/media?parent=11608"}],"curies":[{"name":"wp","href":"https:\/\/api.w.org\/{rel}","templated":true}]}}